{"id":14463,"date":"2023-06-13T11:55:04","date_gmt":"2023-06-13T09:55:04","guid":{"rendered":"https:\/\/educationalevidence.com\/?page_id=14463"},"modified":"2025-01-08T18:31:10","modified_gmt":"2025-01-08T17:31:10","slug":"estudis-espanya-3","status":"publish","type":"page","link":"https:\/\/educationalevidence.com\/ca\/estudis-espanya-3\/","title":{"rendered":"Estudis \u2022 Espanya"},"content":{"rendered":"\t\t<div data-elementor-type=\"wp-page\" data-elementor-id=\"14463\" class=\"elementor elementor-14463 elementor-8930\">\n\t\t\t\t<div class=\"elementor-element elementor-element-3bf80550 e-flex e-con-boxed e-con e-parent\" data-id=\"3bf80550\" data-element_type=\"container\" data-e-type=\"container\">\n\t\t\t\t\t<div class=\"e-con-inner\">\n\t\t<div class=\"elementor-element elementor-element-74b68a76 e-con-full e-flex e-con e-child\" data-id=\"74b68a76\" data-element_type=\"container\" data-e-type=\"container\">\n\t\t\t\t<div class=\"elementor-element elementor-element-6d9a3c61 elementor-widget elementor-widget-image\" data-id=\"6d9a3c61\" data-element_type=\"widget\" data-e-type=\"widget\" data-widget_type=\"image.default\">\n\t\t\t\t<div class=\"elementor-widget-container\">\n\t\t\t\t\t\t\t\t\t\t\t\t\t\t\t<img fetchpriority=\"high\" decoding=\"async\" width=\"213\" height=\"300\" src=\"https:\/\/educationalevidence.com\/wp-content\/uploads\/2024\/01\/PISA-2022_ES_photo-213x300-1.jpg\" class=\"attachment-large size-large wp-image-12228\" alt=\"\" \/>\t\t\t\t\t\t\t\t\t\t\t\t\t\t\t<\/div>\n\t\t\t\t<\/div>\n\t\t\t\t<\/div>\n\t\t<div class=\"elementor-element elementor-element-32603c39 e-con-full e-flex e-con e-child\" data-id=\"32603c39\" data-element_type=\"container\" data-e-type=\"container\">\n\t\t\t\t<div class=\"elementor-element elementor-element-4e435e32 elementor-widget elementor-widget-heading\" data-id=\"4e435e32\" data-element_type=\"widget\" data-e-type=\"widget\" data-widget_type=\"heading.default\">\n\t\t\t\t<div class=\"elementor-widget-container\">\n\t\t\t\t\t<h3 class=\"elementor-heading-title elementor-size-default\">PISA 2022. Programa per a l'Avaluaci\u00f3 Internacional dels Estudiants. Informe Espanya<\/h3>\t\t\t\t<\/div>\n\t\t\t\t<\/div>\n\t\t\t\t<div class=\"elementor-element elementor-element-58b6504c elementor-align-center elementor-widget elementor-widget-button\" data-id=\"58b6504c\" data-element_type=\"widget\" data-e-type=\"widget\" data-widget_type=\"button.default\">\n\t\t\t\t<div class=\"elementor-widget-container\">\n\t\t\t\t\t\t\t\t\t<div class=\"elementor-button-wrapper\">\n\t\t\t\t\t<a class=\"elementor-button elementor-button-link elementor-size-sm\" href=\"https:\/\/www.educacionyfp.gob.es\/dam\/jcr:91f26ac3-0a3b-4efa-b2ce-a5d791229f4d\/pisa-2022-informe-completo-digital-low.pdf\" target=\"_blank\">\n\t\t\t\t\t\t<span class=\"elementor-button-content-wrapper\">\n\t\t\t\t\t\t\t\t\t<span class=\"elementor-button-text\">Accedir<\/span>\n\t\t\t\t\t<\/span>\n\t\t\t\t\t<\/a>\n\t\t\t\t<\/div>\n\t\t\t\t\t\t\t\t<\/div>\n\t\t\t\t<\/div>\n\t\t\t\t<\/div>\n\t\t\t\t\t<\/div>\n\t\t\t\t<\/div>\n\t\t<div class=\"elementor-element elementor-element-5517ebff e-flex e-con-boxed e-con e-parent\" data-id=\"5517ebff\" data-element_type=\"container\" data-e-type=\"container\">\n\t\t\t\t\t<div class=\"e-con-inner\">\n\t\t<div class=\"elementor-element elementor-element-a901397 e-con-full e-flex e-con e-child\" data-id=\"a901397\" data-element_type=\"container\" data-e-type=\"container\">\n\t\t\t\t<div class=\"elementor-element elementor-element-3beefcbe elementor-widget elementor-widget-image\" data-id=\"3beefcbe\" data-element_type=\"widget\" data-e-type=\"widget\" data-widget_type=\"image.default\">\n\t\t\t\t<div class=\"elementor-widget-container\">\n\t\t\t\t\t\t\t\t\t\t\t\t\t\t\t<img decoding=\"async\" width=\"500\" height=\"707\" src=\"https:\/\/educationalevidence.com\/wp-content\/uploads\/2024\/04\/PIRLS-2021.jpg\" class=\"attachment-large size-large wp-image-14039\" alt=\"\" srcset=\"https:\/\/educationalevidence.com\/wp-content\/uploads\/2024\/04\/PIRLS-2021.jpg 500w, https:\/\/educationalevidence.com\/wp-content\/uploads\/2024\/04\/PIRLS-2021-212x300.jpg 212w\" sizes=\"(max-width: 500px) 100vw, 500px\" \/>\t\t\t\t\t\t\t\t\t\t\t\t\t\t\t<\/div>\n\t\t\t\t<\/div>\n\t\t\t\t<\/div>\n\t\t<div class=\"elementor-element elementor-element-666dd30 e-con-full e-flex e-con e-child\" data-id=\"666dd30\" data-element_type=\"container\" data-e-type=\"container\">\n\t\t\t\t<div class=\"elementor-element elementor-element-b52bd60 elementor-widget elementor-widget-heading\" data-id=\"b52bd60\" data-element_type=\"widget\" data-e-type=\"widget\" data-widget_type=\"heading.default\">\n\t\t\t\t<div class=\"elementor-widget-container\">\n\t\t\t\t\t<h3 class=\"elementor-heading-title elementor-size-default\">PIRLS 2021. Estudi Internacional de Progr\u00e9s en Comprensi\u00f3 Lectora. Informe Espanya<\/h3>\t\t\t\t<\/div>\n\t\t\t\t<\/div>\n\t\t\t\t<div class=\"elementor-element elementor-element-39d5696 elementor-align-center elementor-widget elementor-widget-button\" data-id=\"39d5696\" data-element_type=\"widget\" data-e-type=\"widget\" data-widget_type=\"button.default\">\n\t\t\t\t<div class=\"elementor-widget-container\">\n\t\t\t\t\t\t\t\t\t<div class=\"elementor-button-wrapper\">\n\t\t\t\t\t<a class=\"elementor-button elementor-button-link elementor-size-sm\" href=\"https:\/\/www.libreria.educacion.gob.es\/libro\/pirls-2021-estudio-internacional-de-progreso-en-comprension-lectora-informe-espanol_179987\/\" target=\"_blank\">\n\t\t\t\t\t\t<span class=\"elementor-button-content-wrapper\">\n\t\t\t\t\t\t\t\t\t<span class=\"elementor-button-text\">Accedir<\/span>\n\t\t\t\t\t<\/span>\n\t\t\t\t\t<\/a>\n\t\t\t\t<\/div>\n\t\t\t\t\t\t\t\t<\/div>\n\t\t\t\t<\/div>\n\t\t\t\t<\/div>\n\t\t\t\t\t<\/div>\n\t\t\t\t<\/div>\n\t\t<div class=\"elementor-element elementor-element-680784c0 e-flex e-con-boxed e-con e-parent\" data-id=\"680784c0\" data-element_type=\"container\" data-e-type=\"container\">\n\t\t\t\t\t<div class=\"e-con-inner\">\n\t\t<div class=\"elementor-element elementor-element-6642032c e-con-full e-flex e-con e-child\" data-id=\"6642032c\" data-element_type=\"container\" data-e-type=\"container\">\n\t\t\t\t<div class=\"elementor-element elementor-element-533a40a1 elementor-widget elementor-widget-image\" data-id=\"533a40a1\" data-element_type=\"widget\" data-e-type=\"widget\" data-widget_type=\"image.default\">\n\t\t\t\t<div class=\"elementor-widget-container\">\n\t\t\t\t\t\t\t\t\t\t\t\t\t\t\t<img decoding=\"async\" width=\"724\" height=\"1024\" src=\"https:\/\/educationalevidence.com\/wp-content\/uploads\/2025\/01\/TIMSS-2023-ES-724x1024.jpg\" class=\"attachment-large size-large wp-image-23358\" alt=\"\" srcset=\"https:\/\/educationalevidence.com\/wp-content\/uploads\/2025\/01\/TIMSS-2023-ES-724x1024.jpg 724w, https:\/\/educationalevidence.com\/wp-content\/uploads\/2025\/01\/TIMSS-2023-ES-212x300.jpg 212w, https:\/\/educationalevidence.com\/wp-content\/uploads\/2025\/01\/TIMSS-2023-ES-768x1086.jpg 768w, https:\/\/educationalevidence.com\/wp-content\/uploads\/2025\/01\/TIMSS-2023-ES-1086x1536.jpg 1086w, https:\/\/educationalevidence.com\/wp-content\/uploads\/2025\/01\/TIMSS-2023-ES-1448x2048.jpg 1448w, https:\/\/educationalevidence.com\/wp-content\/uploads\/2025\/01\/TIMSS-2023-ES-233x330.jpg 233w, https:\/\/educationalevidence.com\/wp-content\/uploads\/2025\/01\/TIMSS-2023-ES-127x180.jpg 127w, https:\/\/educationalevidence.com\/wp-content\/uploads\/2025\/01\/TIMSS-2023-ES.jpg 1654w\" sizes=\"(max-width: 724px) 100vw, 724px\" \/>\t\t\t\t\t\t\t\t\t\t\t\t\t\t\t<\/div>\n\t\t\t\t<\/div>\n\t\t\t\t<\/div>\n\t\t<div class=\"elementor-element elementor-element-49a73cdc e-con-full e-flex e-con e-child\" data-id=\"49a73cdc\" data-element_type=\"container\" data-e-type=\"container\">\n\t\t\t\t<div class=\"elementor-element elementor-element-1bc4b8c0 elementor-widget elementor-widget-heading\" data-id=\"1bc4b8c0\" data-element_type=\"widget\" data-e-type=\"widget\" data-widget_type=\"heading.default\">\n\t\t\t\t<div class=\"elementor-widget-container\">\n\t\t\t\t\t<h3 class=\"elementor-heading-title elementor-size-default\">TIMSS 2023. Estudi Internacional de Tend\u00e8ncies en Matem\u00e0tiques i Ci\u00e8ncies. Informe Espanya<\/h3>\t\t\t\t<\/div>\n\t\t\t\t<\/div>\n\t\t\t\t<div class=\"elementor-element elementor-element-68764a98 elementor-align-center elementor-widget elementor-widget-button\" data-id=\"68764a98\" data-element_type=\"widget\" data-e-type=\"widget\" data-widget_type=\"button.default\">\n\t\t\t\t<div class=\"elementor-widget-container\">\n\t\t\t\t\t\t\t\t\t<div class=\"elementor-button-wrapper\">\n\t\t\t\t\t<a class=\"elementor-button elementor-button-link elementor-size-sm\" href=\"https:\/\/www.libreria.educacion.gob.es\/libro\/timss-2023-estudio-internacional-de-tendencias-en-matematicas-y-ciencias-informe-espanol_184942\/\" target=\"_blank\">\n\t\t\t\t\t\t<span class=\"elementor-button-content-wrapper\">\n\t\t\t\t\t\t\t\t\t<span class=\"elementor-button-text\">Accedir<\/span>\n\t\t\t\t\t<\/span>\n\t\t\t\t\t<\/a>\n\t\t\t\t<\/div>\n\t\t\t\t\t\t\t\t<\/div>\n\t\t\t\t<\/div>\n\t\t\t\t<\/div>\n\t\t\t\t\t<\/div>\n\t\t\t\t<\/div>\n\t\t<div class=\"elementor-element elementor-element-52abf24c e-flex e-con-boxed e-con e-parent\" data-id=\"52abf24c\" data-element_type=\"container\" data-e-type=\"container\">\n\t\t\t\t\t<div class=\"e-con-inner\">\n\t\t<div class=\"elementor-element elementor-element-3936ba0d e-con-full e-flex e-con e-child\" data-id=\"3936ba0d\" data-element_type=\"container\" data-e-type=\"container\">\n\t\t\t\t<div class=\"elementor-element elementor-element-62ecc54d elementor-widget elementor-widget-image\" data-id=\"62ecc54d\" data-element_type=\"widget\" data-e-type=\"widget\" data-widget_type=\"image.default\">\n\t\t\t\t<div class=\"elementor-widget-container\">\n\t\t\t\t\t\t\t\t\t\t\t\t\t\t\t<img loading=\"lazy\" decoding=\"async\" width=\"724\" height=\"1024\" src=\"https:\/\/educationalevidence.com\/wp-content\/uploads\/2025\/01\/PIAAC-2023-ES-724x1024.jpg\" class=\"attachment-large size-large wp-image-23370\" alt=\"\" srcset=\"https:\/\/educationalevidence.com\/wp-content\/uploads\/2025\/01\/PIAAC-2023-ES-724x1024.jpg 724w, https:\/\/educationalevidence.com\/wp-content\/uploads\/2025\/01\/PIAAC-2023-ES-212x300.jpg 212w, https:\/\/educationalevidence.com\/wp-content\/uploads\/2025\/01\/PIAAC-2023-ES-768x1086.jpg 768w, https:\/\/educationalevidence.com\/wp-content\/uploads\/2025\/01\/PIAAC-2023-ES-1086x1536.jpg 1086w, https:\/\/educationalevidence.com\/wp-content\/uploads\/2025\/01\/PIAAC-2023-ES-1448x2048.jpg 1448w, https:\/\/educationalevidence.com\/wp-content\/uploads\/2025\/01\/PIAAC-2023-ES-233x330.jpg 233w, https:\/\/educationalevidence.com\/wp-content\/uploads\/2025\/01\/PIAAC-2023-ES-127x180.jpg 127w, https:\/\/educationalevidence.com\/wp-content\/uploads\/2025\/01\/PIAAC-2023-ES.jpg 1654w\" sizes=\"(max-width: 724px) 100vw, 724px\" \/>\t\t\t\t\t\t\t\t\t\t\t\t\t\t\t<\/div>\n\t\t\t\t<\/div>\n\t\t\t\t<\/div>\n\t\t<div class=\"elementor-element elementor-element-3497714 e-con-full e-flex e-con e-child\" data-id=\"3497714\" data-element_type=\"container\" data-e-type=\"container\">\n\t\t\t\t<div class=\"elementor-element elementor-element-9dd6b60 elementor-widget elementor-widget-heading\" data-id=\"9dd6b60\" data-element_type=\"widget\" data-e-type=\"widget\" data-widget_type=\"heading.default\">\n\t\t\t\t<div class=\"elementor-widget-container\">\n\t\t\t\t\t<h3 class=\"elementor-heading-title elementor-size-default\"> PIAAC 2023. Programa per a l'Avaluaci\u00f3 Internacional de les Compet\u00e8ncies dels Adults. Informe Espanya<\/h3>\t\t\t\t<\/div>\n\t\t\t\t<\/div>\n\t\t\t\t<div class=\"elementor-element elementor-element-671f5ea0 elementor-align-center elementor-widget elementor-widget-button\" data-id=\"671f5ea0\" data-element_type=\"widget\" data-e-type=\"widget\" data-widget_type=\"button.default\">\n\t\t\t\t<div class=\"elementor-widget-container\">\n\t\t\t\t\t\t\t\t\t<div class=\"elementor-button-wrapper\">\n\t\t\t\t\t<a class=\"elementor-button elementor-button-link elementor-size-sm\" href=\"https:\/\/www.libreria.educacion.gob.es\/libro\/piaac-2023-programa-para-la-evaluacion-internacional-de-las-competencias-de-la-poblacion-adulta-informe-espanol_184943\/\" target=\"_blank\">\n\t\t\t\t\t\t<span class=\"elementor-button-content-wrapper\">\n\t\t\t\t\t\t\t\t\t<span class=\"elementor-button-text\">Accedir<\/span>\n\t\t\t\t\t<\/span>\n\t\t\t\t\t<\/a>\n\t\t\t\t<\/div>\n\t\t\t\t\t\t\t\t<\/div>\n\t\t\t\t<\/div>\n\t\t\t\t<\/div>\n\t\t\t\t\t<\/div>\n\t\t\t\t<\/div>\n\t\t\t\t<\/div>\n\t\t","protected":false},"excerpt":{"rendered":"<p>PISA 2022. Programa per a l&#8217;Avaluaci\u00f3 Internacional dels Estudiants. Informe Espanya Accedir PIRLS 2021. Estudi Internacional de Progr\u00e9s en Comprensi\u00f3 Lectora. Informe Espanya Accedir TIMSS 2023. Estudi Internacional de Tend\u00e8ncies en Matem\u00e0tiques i Ci\u00e8ncies. Informe Espanya Accedir PIAAC 2023. Programa per a l&#8217;Avaluaci\u00f3 Internacional de les Compet\u00e8ncies dels Adults. Informe Espanya Accedir<\/p>\n","protected":false},"author":1,"featured_media":0,"parent":0,"menu_order":0,"comment_status":"closed","ping_status":"closed","template":"","meta":{"_FSMCFIC_featured_image_caption":"","_FSMCFIC_featured_image_nocaption":"","_FSMCFIC_featured_image_hide":"","footnotes":""},"class_list":["post-14463","page","type-page","status-publish","hentry"],"yoast_head":"<!-- This site is optimized with the Yoast SEO plugin v27.4 - https:\/\/yoast.com\/product\/yoast-seo-wordpress\/ -->\n<title>Estudis \u2022 Espanya - Educational Evidence<\/title>\n<meta name=\"robots\" content=\"index, follow, max-snippet:-1, max-image-preview:large, max-video-preview:-1\" \/>\n<link rel=\"canonical\" href=\"https:\/\/educationalevidence.com\/ca\/estudis-espanya-3\/\" \/>\n<meta property=\"og:locale\" content=\"ca_ES\" \/>\n<meta property=\"og:type\" content=\"article\" \/>\n<meta property=\"og:title\" content=\"Estudis \u2022 Espanya - Educational Evidence\" \/>\n<meta property=\"og:description\" content=\"PISA 2022. Programa per a l&#8217;Avaluaci\u00f3 Internacional dels Estudiants. Informe Espanya Accedir PIRLS 2021. Estudi Internacional de Progr\u00e9s en Comprensi\u00f3 Lectora. Informe Espanya Accedir TIMSS 2023. Estudi Internacional de Tend\u00e8ncies en Matem\u00e0tiques i Ci\u00e8ncies. Informe Espanya Accedir PIAAC 2023. Programa per a l&#8217;Avaluaci\u00f3 Internacional de les Compet\u00e8ncies dels Adults. Informe Espanya Accedir\" \/>\n<meta property=\"og:url\" content=\"https:\/\/educationalevidence.com\/ca\/estudis-espanya-3\/\" \/>\n<meta property=\"og:site_name\" content=\"Educational Evidence\" \/>\n<meta property=\"article:modified_time\" content=\"2025-01-08T17:31:10+00:00\" \/>\n<meta property=\"og:image\" content=\"https:\/\/educationalevidence.com\/wp-content\/uploads\/2024\/01\/PISA-2022_ES_photo-213x300-1.jpg\" \/>\n\t<meta property=\"og:image:width\" content=\"213\" \/>\n\t<meta property=\"og:image:height\" content=\"300\" \/>\n\t<meta property=\"og:image:type\" content=\"image\/jpeg\" \/>\n<meta name=\"twitter:card\" content=\"summary_large_image\" \/>\n<meta name=\"twitter:label1\" content=\"Temps estimat de lectura\" \/>\n\t<meta name=\"twitter:data1\" content=\"2 minuts\" \/>\n<script type=\"application\/ld+json\" class=\"yoast-schema-graph\">{\"@context\":\"https:\\\/\\\/schema.org\",\"@graph\":[{\"@type\":\"WebPage\",\"@id\":\"https:\\\/\\\/educationalevidence.com\\\/ca\\\/estudis-espanya-3\\\/\",\"url\":\"https:\\\/\\\/educationalevidence.com\\\/ca\\\/estudis-espanya-3\\\/\",\"name\":\"Estudis \u2022 Espanya - Educational Evidence\",\"isPartOf\":{\"@id\":\"https:\\\/\\\/educationalevidence.com\\\/ca\\\/#website\"},\"primaryImageOfPage\":{\"@id\":\"https:\\\/\\\/educationalevidence.com\\\/ca\\\/estudis-espanya-3\\\/#primaryimage\"},\"image\":{\"@id\":\"https:\\\/\\\/educationalevidence.com\\\/ca\\\/estudis-espanya-3\\\/#primaryimage\"},\"thumbnailUrl\":\"https:\\\/\\\/educationalevidence.com\\\/wp-content\\\/uploads\\\/2024\\\/01\\\/PISA-2022_ES_photo-213x300-1.jpg\",\"datePublished\":\"2023-06-13T09:55:04+00:00\",\"dateModified\":\"2025-01-08T17:31:10+00:00\",\"breadcrumb\":{\"@id\":\"https:\\\/\\\/educationalevidence.com\\\/ca\\\/estudis-espanya-3\\\/#breadcrumb\"},\"inLanguage\":\"ca\",\"potentialAction\":[{\"@type\":\"ReadAction\",\"target\":[\"https:\\\/\\\/educationalevidence.com\\\/ca\\\/estudis-espanya-3\\\/\"]}]},{\"@type\":\"ImageObject\",\"inLanguage\":\"ca\",\"@id\":\"https:\\\/\\\/educationalevidence.com\\\/ca\\\/estudis-espanya-3\\\/#primaryimage\",\"url\":\"https:\\\/\\\/educationalevidence.com\\\/wp-content\\\/uploads\\\/2024\\\/01\\\/PISA-2022_ES_photo-213x300-1.jpg\",\"contentUrl\":\"https:\\\/\\\/educationalevidence.com\\\/wp-content\\\/uploads\\\/2024\\\/01\\\/PISA-2022_ES_photo-213x300-1.jpg\"},{\"@type\":\"BreadcrumbList\",\"@id\":\"https:\\\/\\\/educationalevidence.com\\\/ca\\\/estudis-espanya-3\\\/#breadcrumb\",\"itemListElement\":[{\"@type\":\"ListItem\",\"position\":1,\"name\":\"Portada\",\"item\":\"https:\\\/\\\/educationalevidence.com\\\/ca\\\/\"},{\"@type\":\"ListItem\",\"position\":2,\"name\":\"Estudis \u2022 Espanya\"}]},{\"@type\":\"WebSite\",\"@id\":\"https:\\\/\\\/educationalevidence.com\\\/ca\\\/#website\",\"url\":\"https:\\\/\\\/educationalevidence.com\\\/ca\\\/\",\"name\":\"Educational Evidence\",\"description\":\"\",\"publisher\":{\"@id\":\"https:\\\/\\\/educationalevidence.com\\\/ca\\\/#organization\"},\"potentialAction\":[{\"@type\":\"SearchAction\",\"target\":{\"@type\":\"EntryPoint\",\"urlTemplate\":\"https:\\\/\\\/educationalevidence.com\\\/ca\\\/?s={search_term_string}\"},\"query-input\":{\"@type\":\"PropertyValueSpecification\",\"valueRequired\":true,\"valueName\":\"search_term_string\"}}],\"inLanguage\":\"ca\"},{\"@type\":\"Organization\",\"@id\":\"https:\\\/\\\/educationalevidence.com\\\/ca\\\/#organization\",\"name\":\"Educational Evidence\",\"url\":\"https:\\\/\\\/educationalevidence.com\\\/ca\\\/\",\"logo\":{\"@type\":\"ImageObject\",\"inLanguage\":\"ca\",\"@id\":\"https:\\\/\\\/educationalevidence.com\\\/ca\\\/#\\\/schema\\\/logo\\\/image\\\/\",\"url\":\"https:\\\/\\\/educationalevidence.com\\\/wp-content\\\/uploads\\\/2023\\\/07\\\/educational_evidence_logo_horitzontal_blanc_negatiu.png\",\"contentUrl\":\"https:\\\/\\\/educationalevidence.com\\\/wp-content\\\/uploads\\\/2023\\\/07\\\/educational_evidence_logo_horitzontal_blanc_negatiu.png\",\"width\":3508,\"height\":1090,\"caption\":\"Educational Evidence\"},\"image\":{\"@id\":\"https:\\\/\\\/educationalevidence.com\\\/ca\\\/#\\\/schema\\\/logo\\\/image\\\/\"}}]}<\/script>\n<!-- \/ Yoast SEO plugin. -->","yoast_head_json":{"title":"Estudis \u2022 Espanya - Educational Evidence","robots":{"index":"index","follow":"follow","max-snippet":"max-snippet:-1","max-image-preview":"max-image-preview:large","max-video-preview":"max-video-preview:-1"},"canonical":"https:\/\/educationalevidence.com\/ca\/estudis-espanya-3\/","og_locale":"ca_ES","og_type":"article","og_title":"Estudis \u2022 Espanya - Educational Evidence","og_description":"PISA 2022. Programa per a l&#8217;Avaluaci\u00f3 Internacional dels Estudiants. Informe Espanya Accedir PIRLS 2021. Estudi Internacional de Progr\u00e9s en Comprensi\u00f3 Lectora. Informe Espanya Accedir TIMSS 2023. Estudi Internacional de Tend\u00e8ncies en Matem\u00e0tiques i Ci\u00e8ncies. Informe Espanya Accedir PIAAC 2023. Programa per a l&#8217;Avaluaci\u00f3 Internacional de les Compet\u00e8ncies dels Adults. Informe Espanya Accedir","og_url":"https:\/\/educationalevidence.com\/ca\/estudis-espanya-3\/","og_site_name":"Educational Evidence","article_modified_time":"2025-01-08T17:31:10+00:00","og_image":[{"width":213,"height":300,"url":"https:\/\/educationalevidence.com\/wp-content\/uploads\/2024\/01\/PISA-2022_ES_photo-213x300-1.jpg","type":"image\/jpeg"}],"twitter_card":"summary_large_image","twitter_misc":{"Temps estimat de lectura":"2 minuts"},"schema":{"@context":"https:\/\/schema.org","@graph":[{"@type":"WebPage","@id":"https:\/\/educationalevidence.com\/ca\/estudis-espanya-3\/","url":"https:\/\/educationalevidence.com\/ca\/estudis-espanya-3\/","name":"Estudis \u2022 Espanya - Educational Evidence","isPartOf":{"@id":"https:\/\/educationalevidence.com\/ca\/#website"},"primaryImageOfPage":{"@id":"https:\/\/educationalevidence.com\/ca\/estudis-espanya-3\/#primaryimage"},"image":{"@id":"https:\/\/educationalevidence.com\/ca\/estudis-espanya-3\/#primaryimage"},"thumbnailUrl":"https:\/\/educationalevidence.com\/wp-content\/uploads\/2024\/01\/PISA-2022_ES_photo-213x300-1.jpg","datePublished":"2023-06-13T09:55:04+00:00","dateModified":"2025-01-08T17:31:10+00:00","breadcrumb":{"@id":"https:\/\/educationalevidence.com\/ca\/estudis-espanya-3\/#breadcrumb"},"inLanguage":"ca","potentialAction":[{"@type":"ReadAction","target":["https:\/\/educationalevidence.com\/ca\/estudis-espanya-3\/"]}]},{"@type":"ImageObject","inLanguage":"ca","@id":"https:\/\/educationalevidence.com\/ca\/estudis-espanya-3\/#primaryimage","url":"https:\/\/educationalevidence.com\/wp-content\/uploads\/2024\/01\/PISA-2022_ES_photo-213x300-1.jpg","contentUrl":"https:\/\/educationalevidence.com\/wp-content\/uploads\/2024\/01\/PISA-2022_ES_photo-213x300-1.jpg"},{"@type":"BreadcrumbList","@id":"https:\/\/educationalevidence.com\/ca\/estudis-espanya-3\/#breadcrumb","itemListElement":[{"@type":"ListItem","position":1,"name":"Portada","item":"https:\/\/educationalevidence.com\/ca\/"},{"@type":"ListItem","position":2,"name":"Estudis \u2022 Espanya"}]},{"@type":"WebSite","@id":"https:\/\/educationalevidence.com\/ca\/#website","url":"https:\/\/educationalevidence.com\/ca\/","name":"Educational Evidence","description":"","publisher":{"@id":"https:\/\/educationalevidence.com\/ca\/#organization"},"potentialAction":[{"@type":"SearchAction","target":{"@type":"EntryPoint","urlTemplate":"https:\/\/educationalevidence.com\/ca\/?s={search_term_string}"},"query-input":{"@type":"PropertyValueSpecification","valueRequired":true,"valueName":"search_term_string"}}],"inLanguage":"ca"},{"@type":"Organization","@id":"https:\/\/educationalevidence.com\/ca\/#organization","name":"Educational Evidence","url":"https:\/\/educationalevidence.com\/ca\/","logo":{"@type":"ImageObject","inLanguage":"ca","@id":"https:\/\/educationalevidence.com\/ca\/#\/schema\/logo\/image\/","url":"https:\/\/educationalevidence.com\/wp-content\/uploads\/2023\/07\/educational_evidence_logo_horitzontal_blanc_negatiu.png","contentUrl":"https:\/\/educationalevidence.com\/wp-content\/uploads\/2023\/07\/educational_evidence_logo_horitzontal_blanc_negatiu.png","width":3508,"height":1090,"caption":"Educational Evidence"},"image":{"@id":"https:\/\/educationalevidence.com\/ca\/#\/schema\/logo\/image\/"}}]}},"_links":{"self":[{"href":"https:\/\/educationalevidence.com\/ca\/wp-json\/wp\/v2\/pages\/14463","targetHints":{"allow":["GET"]}}],"collection":[{"href":"https:\/\/educationalevidence.com\/ca\/wp-json\/wp\/v2\/pages"}],"about":[{"href":"https:\/\/educationalevidence.com\/ca\/wp-json\/wp\/v2\/types\/page"}],"author":[{"embeddable":true,"href":"https:\/\/educationalevidence.com\/ca\/wp-json\/wp\/v2\/users\/1"}],"replies":[{"embeddable":true,"href":"https:\/\/educationalevidence.com\/ca\/wp-json\/wp\/v2\/comments?post=14463"}],"version-history":[{"count":7,"href":"https:\/\/educationalevidence.com\/ca\/wp-json\/wp\/v2\/pages\/14463\/revisions"}],"predecessor-version":[{"id":23385,"href":"https:\/\/educationalevidence.com\/ca\/wp-json\/wp\/v2\/pages\/14463\/revisions\/23385"}],"wp:attachment":[{"href":"https:\/\/educationalevidence.com\/ca\/wp-json\/wp\/v2\/media?parent=14463"}],"curies":[{"name":"wp","href":"https:\/\/api.w.org\/{rel}","templated":true}]}}