{"id":13791,"date":"2024-03-21T18:54:20","date_gmt":"2024-03-21T17:54:20","guid":{"rendered":"https:\/\/educationalevidence.com\/politica-de-privacidad\/"},"modified":"2024-03-21T18:56:49","modified_gmt":"2024-03-21T17:56:49","slug":"politica-de-privacidad","status":"publish","type":"page","link":"https:\/\/educationalevidence.com\/ca\/politica-de-privacidad\/","title":{"rendered":"Pol\u00edtica de Privacitat"},"content":{"rendered":"<p>El Titular l\u2019informa sobre la seva Pol\u00edtica de Privacitat respecte del tractament i protecci\u00f3 de les dades de car\u00e0cter personal dels usuaris i clients que puguin ser recaptats durant la navegaci\u00f3, en comprar un producte o en contractar un servei a trav\u00e9s del Lloc web: https:\/\/educationalevidence.com<\/p>\n<p>En aquest sentit, el Titular garanteix el compliment de la normativa vigent en mat\u00e8ria de protecci\u00f3 de dades personals, reflectida en la Llei org\u00e0nica 3\/2018, de 5 de desembre, de Protecci\u00f3 de Dades Personals i de Garantia de Drets Digitals (LOPD\u00a0GDD). Compleix tamb\u00e9 amb el Reglament (UE) 2016\/679 del Parlament Europeu i del Consell de 27 d\u2019abril de 2016 relatiu a la protecci\u00f3 de les persones f\u00edsiques (RGPD).<\/p>\n<p>L\u2019\u00fas de lloc web implica l\u2019acceptaci\u00f3 d\u2019aquesta Pol\u00edtica de Privacitat aix\u00ed com les condicions incloses en l\u2019Av\u00eds Legal.<\/p>\n<h2>Identitat del Responsable<\/h2>\n<p>Responsable: Fundaci\u00f3 Episteme.<br \/>\nNIF: G01742352<br \/>\nDomicili:\u00a0Pelai, 12\u00a07\u00e8, Barcelona \u2013 Espanya.<br \/>\nCorreu electr\u00f2nic: info@educationalevidence.com<br \/>\nTel\u00e8fon de contacte: 679 145 884<br \/>\nLloc web: https:\/\/educationalevidence.com<\/p>\n<h2>Principis aplicats en el tractament de dades<\/h2>\n<p>En el tractament de les seves dades personals, el Titular aplicar\u00e0 els seg\u00fcents principis que s\u2019ajusten a les exig\u00e8ncies del nou reglament europeu de protecci\u00f3 de dades (RGPD):<\/p>\n<p>\u2022 Principi de licitud, lleialtat i transpar\u00e8ncia: El Titular sempre requerir\u00e0 el consentiment per al tractament de les dades personals que pot ser per a un o diversos fins espec\u00edfics sobre els quals el Titular informar\u00e0 l\u2019Usuari pr\u00e8viament amb absoluta transpar\u00e8ncia.<br \/>\n\u2022 Principi de minimitzaci\u00f3 de dades: El Titular sol\u00b7licitar\u00e0 nom\u00e9s les dades estrictament necess\u00e0ries per al fi o els fins que els sol\u00b7licita.<br \/>\n\u2022 Principi de limitaci\u00f3 del termini de conservaci\u00f3: El Titular mantindr\u00e0 les dades personals recaptades durant el temps estrictament necessari per al fi o els fins del tractament. El Titular informar\u00e0 l\u2019Usuari del termini de conservaci\u00f3 corresponent segons la finalitat.<br \/>\nEn el cas de subscripcions, el Titular revisar\u00e0 peri\u00f2dicament les llistes i eliminar\u00e0 aquells registres inactius durant un temps considerable.<br \/>\n\u2022 Principi d\u2019integritat i confidencialitat: Les dades personals recaptades seran tractades de tal manera que la seva seguretat, confidencialitat i integritat sigui garantida.<br \/>\nEl Titular prendr\u00e0 les precaucions necess\u00e0ries per a evitar l\u2019acc\u00e9s no autoritzat o \u00fas indegut de les dades dels seus usuaris per part de tercers.<\/p>\n<h2>Obtenci\u00f3 de dades personals<\/h2>\n<p>Per a navegar pel lloc web no \u00e9s necessari que faciliti cap dada personal.<\/p>\n<h2>Drets<\/h2>\n<div class=\"traductor-textarea form-group\">\n<div class=\"textarea-desti col-xs-12 col-sm-6\">\n<div class=\"form-control second-textarea\">\n<p>El Titular l\u2019informa que sobre les seves dades personals t\u00e9 dret a:<\/p>\n<p>\u2022 Sol\u00b7licitar l\u2019acc\u00e9s a les dades emmagatzemades.<br \/>\n\u2022 Sol\u00b7licitar una rectificaci\u00f3 o la supressi\u00f3.<br \/>\n\u2022 Sol\u00b7licitar la limitaci\u00f3 del seu tractament.<br \/>\n\u2022 Oposar-se al tractament.<\/p>\n<\/div>\n<div>No pot exercitar el dret a la portabilitat de les dades.<\/div>\n<div class=\"form-control second-textarea\">\n<p>L\u2019exercici d\u2019aquests drets \u00e9s personal i per tant ha de ser exercit directament per l\u2019interessat, sol\u00b7licitant-lo directament al Titular, cosa que significa que qualsevol client, subscriptor o col\u00b7laborador que hagi facilitat les seves dades en algun moment, pot dirigir-se al Titular i demanar informaci\u00f3 sobre les dades que t\u00e9 emmagatzemats i com els ha obtingut, sol\u00b7licitar la rectificaci\u00f3 d\u2019aquests, oposar-se al tractament, limitar el seu \u00fas o sol\u00b7licitar la supressi\u00f3 d\u2019aquestes dades en els fitxers del Titular.<\/p>\n<p>Per a exercitar els seus drets ha d\u2019enviar la seva petici\u00f3 juntament amb una fotoc\u00f2pia del Document Nacional d\u2019Identitat o equivalent a l\u2019adre\u00e7a de correu electr\u00f2nic: info@educationalevidence.com<\/p>\n<p>L\u2019exercici d\u2019aquests drets no inclou cap dada que el Titular estigui obligat a conservar amb finalitats administratius, legals o de seguretat.<\/p>\n<p>T\u00e9 dret a la tutela judicial efectiva i a presentar una reclamaci\u00f3 davant l\u2019autoritat de control, en aquest cas, la Agencia Espa\u00f1ola de Protecci\u00f3n de Datos, si considera que el tractament de dades personals que el concerneixen infringeix el Reglament.<\/p>\n<\/div>\n<\/div>\n<\/div>\n<h2>Finalitat del tractament de dades personals<\/h2>\n<div>Quan vost\u00e8 es connecta al Lloc web per a manar un correu al Titular, se subscriu al seu butllet\u00ed o contracta un producte o un servei est\u00e0 facilitant informaci\u00f3 de car\u00e0cter personal de la qual el responsable \u00e9s el Titular. Aquesta informaci\u00f3 pot incloure dades de car\u00e0cter personal com poden ser la seva adre\u00e7a IP, nom i cognoms, adre\u00e7a f\u00edsica, adre\u00e7a de correu electr\u00f2nic, n\u00famero de tel\u00e8fon, i una altra informaci\u00f3. En facilitar aquesta informaci\u00f3, dona el seu consentiment perqu\u00e8 la seva informaci\u00f3 sigui recopilada, utilitzada, gestionada i emmagatzemada per\u00a0<em>Educational Evidence<\/em>\u00a0nom\u00e9s com es descriu en les p\u00e0gines:<\/div>\n<div>\n<p>\u2022 Av\u00eds Legal<br \/>\n\u2022 Pol\u00edtica de Privacitat<\/p>\n<\/div>\n<div>Les dades personals i la finalitat del tractament per part del Titular \u00e9s diferent segons el sistema de captura d\u2019informaci\u00f3:<\/div>\n<div>\n<p>\u2022 Formularis de contractaci\u00f3 de productes o serveis: El Titular sol\u00b7licita dades personals entre els quals poden estar: nom i cognoms, document d\u2019identitat (n\u00famero d\u2019identificaci\u00f3 fiscal, n\u00famero d\u2019identificaci\u00f3 d\u2019estranger, passaport o perm\u00eds de resid\u00e8ncia), adre\u00e7a de correu electr\u00f2nic, adre\u00e7a postal, n\u00famero de tel\u00e8fon i dades de pagament (m\u00e8todes de pagament o dades banc\u00e0ries) amb la finalitat de mantenir una relaci\u00f3 comercial amb l\u2019Usuari, realitzar l\u2019enviament de les comandes, prestar els serveis contractats i per a realitzar la facturaci\u00f3 i el cobrament dels productes o serveis contractats.<\/p>\n<\/div>\n<div>Existeixen altres finalitats per les quals el Titular tracta dades personals:<\/div>\n<div>\n<p>\u2022 Per a garantir el compliment de les condicions recollides en la p\u00e0gina d\u2019Av\u00eds Legal i de la llei aplicable. Aix\u00f2 pot incloure el desenvolupament d\u2019eines i algorismes que ajudin el Lloc web a garantir la confidencialitat de les dades personals que recull.<br \/>\n\u2022 Per a secundar i millorar els serveis que ofereix aquest Lloc web.<\/p>\n<\/div>\n<div class=\"traductor-checkbox form-group\">\n<div class=\"row\">\n<h2 class=\"col-sm-offset-2 col-sm-5\">Seguretat de les dades personals<\/h2>\n<\/div>\n<div>Per a protegir les seves dades personals, el Titular prendr\u00e0 totes les precaucions raonables i segueix les millors pr\u00e0ctiques de la ind\u00fastria per a evitar la seva p\u00e8rdua, mal \u00fas, acc\u00e9s indegut, divulgaci\u00f3, alteraci\u00f3 o destrucci\u00f3 d\u2019aquests.<\/div>\n<div class=\"col-sm-5\">\n<p>El lloc web est\u00e0 allotjat en: www.hostinger.com. La seguretat de les dades est\u00e0 garantida, ja que prenen totes les mesures de seguretat necess\u00e0ries per a aix\u00f2. Pot consultar la seva pol\u00edtica de privacitat per a tenir m\u00e9s informaci\u00f3.<\/p>\n<p>El Titular informa l\u2019Usuari que les seves dades personals no seran cedits a terceres organitzacions, amb l\u2019excepci\u00f3 que aquesta cessi\u00f3 de dades estigui emparada en una obligaci\u00f3 legal o quan la prestaci\u00f3 d\u2019un servei impliqui la necessitat d\u2019una relaci\u00f3 contractual amb un encarregat de tractament. En aquest \u00faltim cas, nom\u00e9s es dur\u00e0 a terme la cessi\u00f3 de dades al tercer quan el Titular disposi del consentiment expr\u00e9s de l\u2019Usuari.<\/p>\n<p>No obstant aix\u00f2, en alguns casos es poden realitzar col\u00b7laboracions amb altres professionals, en aquests casos, es requerir\u00e0 consentiment a l\u2019Usuari informant sobre la identitat del col\u00b7laborador i la finalitat de la col\u00b7laboraci\u00f3. Sempre es realitzar\u00e0 amb els m\u00e9s estrictes est\u00e0ndards de seguretat.<\/p>\n<\/div>\n<\/div>\n<h2>Contingut d\u2019altres llocs web<\/h2>\n<div>Les p\u00e0gines d\u2019aquest lloc web poden incloure contingut incrustat (per exemple, v\u00eddeos, imatges, articles, etc.). El contingut incrustat d\u2019altres web es comporta exactament de la mateixa manera que si hagu\u00e9s visitat l\u2019altra web.<\/div>\n<div>\n<p>Aquests llocs web poden recopilar dades sobre vost\u00e8, utilitzar cookies, incrustar un codi de seguiment addicional de tercers, i supervisar la seva interacci\u00f3 usant aquest codi.<\/p>\n<\/div>\n<h2>Pol\u00edtica de Cookies<\/h2>\n<p>Per a qu\u00e8 aquest lloc web funcioni correctament necessita utilitzar cookies, que \u00e9s una informaci\u00f3 que s\u2019emmagatzema en el seu navegador web.<\/p>\n<h2>Legitimaci\u00f3 per al tractament de dades<\/h2>\n<div>La base legal per al tractament de les seves dades \u00e9s:<\/div>\n<div>\n<p>\u2022 El consentiment de l\u2019interessat.<br \/>\n\u2022 Execuci\u00f3 del contracte o l\u2019aplicaci\u00f3 de mesures precontractuals amb l\u2019interessat, amb la finalitat de proporcionar-li un producte o servei adquirit al Titular.<br \/>\n\u2022 Per a complir les obligacions legals.<\/p>\n<\/div>\n<h2>Categories de dades personals<\/h2>\n<div>Les categories de dades personals que tracta el Titular s\u00f3n:<\/div>\n<div>\n<p>\u2022 Dades identificatives.<br \/>\n\u2022 No es tracten categories de dades especialment protegides.<\/p>\n<\/div>\n<h2>Conservaci\u00f3 de dades personals<\/h2>\n<div>Les dades personals proporcionades al Titular es conservaran fins que sol\u00b7liciti la seva supressi\u00f3.<\/div>\n<h2>Navegaci\u00f3 Web<\/h2>\n<div>\n<p>En navegar pel Lloc web es poden recollir dades no identificatives, que poden incloure, l\u2019adre\u00e7a IP, geolocalitzaci\u00f3, un registre de com s\u2019utilitzen els serveis i llocs, h\u00e0bits de navegaci\u00f3 i altres dades que no poden ser utilitzats per a identificar-li.<\/p>\n<p>El lloc web utilitza els seg\u00fcents serveis d\u2019an\u00e0lisis de tercers:<br \/>\nEl Titular utilitza la informaci\u00f3 obtinguda per a obtenir dades estad\u00edstiques, analitzar tend\u00e8ncies, administrar el lloc, estudiar patrons de navegaci\u00f3 i per a recopilar informaci\u00f3 demogr\u00e0fica.<\/p>\n<p>El Titular no es fa responsable del tractament de les dades personals que realitzin les p\u00e0gines web a les quals pugui accedir a trav\u00e9s dels diferents enlla\u00e7os que cont\u00e9 el Lloc web.<\/p>\n<\/div>\n<h2>Exactitud i veracitat de les dades personals<\/h2>\n<p>Vost\u00e8 es compromet al fet que les dades facilitades al Titular siguin correctes, completes, exactes i vigents, aix\u00ed com a mantenir-les degudament actualitzades.<\/p>\n<p>Com a Usuari del Lloc web \u00e9s l\u2019\u00fanic responsable de la veracitat i correcci\u00f3 de les dades remeses al Lloc web exonerant al Titular de qualsevol responsabilitat sobre aquest tema.<\/p>\n<h2>Acceptaci\u00f3 i consentiment<\/h2>\n<p>Com a Usuari del Lloc web declara haver estat informat de les condicions sobre protecci\u00f3 de dades de car\u00e0cter personal, accepta i consenteix el tractament de les mateixes per part del Titular en la forma i per a les finalitats indicades en aquesta Pol\u00edtica de Privacitat.<\/p>\n<p>Per a contactar amb el Titular, subscriure\u2019s a un butllet\u00ed o realitzar comentaris en aquest lloc web ha d\u2019acceptar la present Pol\u00edtica de Privacitat.<\/p>\n<h2>Canvis en la Pol\u00edtica de Privacitat<\/h2>\n<p>El Titular es reserva el dret a modificar la present Pol\u00edtica de Privacitat per a adaptar-la a novetats legislatives o jurisprudencials, aix\u00ed com a pr\u00e0ctiques de la ind\u00fastria.<\/p>\n<p>Aquestes pol\u00edtiques estaran vigents fins que siguin modificades per unes altres degudament publicades.<\/p>\n","protected":false},"excerpt":{"rendered":"<p>El Titular l\u2019informa sobre la seva Pol\u00edtica de Privacitat respecte del tractament i protecci\u00f3 de les dades de car\u00e0cter personal dels usuaris i clients que puguin ser recaptats durant la navegaci\u00f3, en comprar un producte o en contractar un servei a trav\u00e9s del Lloc web: https:\/\/educationalevidence.com En aquest sentit, el Titular garanteix el compliment de [&hellip;]<\/p>\n","protected":false},"author":4,"featured_media":0,"parent":0,"menu_order":0,"comment_status":"closed","ping_status":"closed","template":"","meta":{"_FSMCFIC_featured_image_caption":"","_FSMCFIC_featured_image_nocaption":"","_FSMCFIC_featured_image_hide":"","footnotes":""},"class_list":["post-13791","page","type-page","status-publish","hentry"],"yoast_head":"<!-- This site is optimized with the Yoast SEO plugin v27.4 - https:\/\/yoast.com\/product\/yoast-seo-wordpress\/ -->\n<title>Pol\u00edtica de Privacitat - Educational Evidence<\/title>\n<meta name=\"robots\" content=\"index, follow, max-snippet:-1, max-image-preview:large, max-video-preview:-1\" \/>\n<link rel=\"canonical\" href=\"https:\/\/educationalevidence.com\/ca\/politica-de-privacidad\/\" \/>\n<meta property=\"og:locale\" content=\"ca_ES\" \/>\n<meta property=\"og:type\" content=\"article\" \/>\n<meta property=\"og:title\" content=\"Pol\u00edtica de Privacitat - Educational Evidence\" \/>\n<meta property=\"og:description\" content=\"El Titular l\u2019informa sobre la seva Pol\u00edtica de Privacitat respecte del tractament i protecci\u00f3 de les dades de car\u00e0cter personal dels usuaris i clients que puguin ser recaptats durant la navegaci\u00f3, en comprar un producte o en contractar un servei a trav\u00e9s del Lloc web: https:\/\/educationalevidence.com En aquest sentit, el Titular garanteix el compliment de [&hellip;]\" \/>\n<meta property=\"og:url\" content=\"https:\/\/educationalevidence.com\/ca\/politica-de-privacidad\/\" \/>\n<meta property=\"og:site_name\" content=\"Educational Evidence\" \/>\n<meta property=\"article:modified_time\" content=\"2024-03-21T17:56:49+00:00\" \/>\n<meta name=\"twitter:card\" content=\"summary_large_image\" \/>\n<meta name=\"twitter:label1\" content=\"Temps estimat de lectura\" \/>\n\t<meta name=\"twitter:data1\" content=\"8 minuts\" \/>\n<script type=\"application\/ld+json\" class=\"yoast-schema-graph\">{\"@context\":\"https:\\\/\\\/schema.org\",\"@graph\":[{\"@type\":\"WebPage\",\"@id\":\"https:\\\/\\\/educationalevidence.com\\\/ca\\\/politica-de-privacidad\\\/\",\"url\":\"https:\\\/\\\/educationalevidence.com\\\/ca\\\/politica-de-privacidad\\\/\",\"name\":\"Pol\u00edtica de Privacitat - Educational Evidence\",\"isPartOf\":{\"@id\":\"https:\\\/\\\/educationalevidence.com\\\/ca\\\/#website\"},\"datePublished\":\"2024-03-21T17:54:20+00:00\",\"dateModified\":\"2024-03-21T17:56:49+00:00\",\"breadcrumb\":{\"@id\":\"https:\\\/\\\/educationalevidence.com\\\/ca\\\/politica-de-privacidad\\\/#breadcrumb\"},\"inLanguage\":\"ca\",\"potentialAction\":[{\"@type\":\"ReadAction\",\"target\":[\"https:\\\/\\\/educationalevidence.com\\\/ca\\\/politica-de-privacidad\\\/\"]}]},{\"@type\":\"BreadcrumbList\",\"@id\":\"https:\\\/\\\/educationalevidence.com\\\/ca\\\/politica-de-privacidad\\\/#breadcrumb\",\"itemListElement\":[{\"@type\":\"ListItem\",\"position\":1,\"name\":\"Portada\",\"item\":\"https:\\\/\\\/educationalevidence.com\\\/ca\\\/\"},{\"@type\":\"ListItem\",\"position\":2,\"name\":\"Pol\u00edtica de Privacitat\"}]},{\"@type\":\"WebSite\",\"@id\":\"https:\\\/\\\/educationalevidence.com\\\/ca\\\/#website\",\"url\":\"https:\\\/\\\/educationalevidence.com\\\/ca\\\/\",\"name\":\"Educational Evidence\",\"description\":\"\",\"publisher\":{\"@id\":\"https:\\\/\\\/educationalevidence.com\\\/ca\\\/#organization\"},\"potentialAction\":[{\"@type\":\"SearchAction\",\"target\":{\"@type\":\"EntryPoint\",\"urlTemplate\":\"https:\\\/\\\/educationalevidence.com\\\/ca\\\/?s={search_term_string}\"},\"query-input\":{\"@type\":\"PropertyValueSpecification\",\"valueRequired\":true,\"valueName\":\"search_term_string\"}}],\"inLanguage\":\"ca\"},{\"@type\":\"Organization\",\"@id\":\"https:\\\/\\\/educationalevidence.com\\\/ca\\\/#organization\",\"name\":\"Educational Evidence\",\"url\":\"https:\\\/\\\/educationalevidence.com\\\/ca\\\/\",\"logo\":{\"@type\":\"ImageObject\",\"inLanguage\":\"ca\",\"@id\":\"https:\\\/\\\/educationalevidence.com\\\/ca\\\/#\\\/schema\\\/logo\\\/image\\\/\",\"url\":\"https:\\\/\\\/educationalevidence.com\\\/wp-content\\\/uploads\\\/2023\\\/07\\\/educational_evidence_logo_horitzontal_blanc_negatiu.png\",\"contentUrl\":\"https:\\\/\\\/educationalevidence.com\\\/wp-content\\\/uploads\\\/2023\\\/07\\\/educational_evidence_logo_horitzontal_blanc_negatiu.png\",\"width\":3508,\"height\":1090,\"caption\":\"Educational Evidence\"},\"image\":{\"@id\":\"https:\\\/\\\/educationalevidence.com\\\/ca\\\/#\\\/schema\\\/logo\\\/image\\\/\"}}]}<\/script>\n<!-- \/ Yoast SEO plugin. -->","yoast_head_json":{"title":"Pol\u00edtica de Privacitat - Educational Evidence","robots":{"index":"index","follow":"follow","max-snippet":"max-snippet:-1","max-image-preview":"max-image-preview:large","max-video-preview":"max-video-preview:-1"},"canonical":"https:\/\/educationalevidence.com\/ca\/politica-de-privacidad\/","og_locale":"ca_ES","og_type":"article","og_title":"Pol\u00edtica de Privacitat - Educational Evidence","og_description":"El Titular l\u2019informa sobre la seva Pol\u00edtica de Privacitat respecte del tractament i protecci\u00f3 de les dades de car\u00e0cter personal dels usuaris i clients que puguin ser recaptats durant la navegaci\u00f3, en comprar un producte o en contractar un servei a trav\u00e9s del Lloc web: https:\/\/educationalevidence.com En aquest sentit, el Titular garanteix el compliment de [&hellip;]","og_url":"https:\/\/educationalevidence.com\/ca\/politica-de-privacidad\/","og_site_name":"Educational Evidence","article_modified_time":"2024-03-21T17:56:49+00:00","twitter_card":"summary_large_image","twitter_misc":{"Temps estimat de lectura":"8 minuts"},"schema":{"@context":"https:\/\/schema.org","@graph":[{"@type":"WebPage","@id":"https:\/\/educationalevidence.com\/ca\/politica-de-privacidad\/","url":"https:\/\/educationalevidence.com\/ca\/politica-de-privacidad\/","name":"Pol\u00edtica de Privacitat - Educational Evidence","isPartOf":{"@id":"https:\/\/educationalevidence.com\/ca\/#website"},"datePublished":"2024-03-21T17:54:20+00:00","dateModified":"2024-03-21T17:56:49+00:00","breadcrumb":{"@id":"https:\/\/educationalevidence.com\/ca\/politica-de-privacidad\/#breadcrumb"},"inLanguage":"ca","potentialAction":[{"@type":"ReadAction","target":["https:\/\/educationalevidence.com\/ca\/politica-de-privacidad\/"]}]},{"@type":"BreadcrumbList","@id":"https:\/\/educationalevidence.com\/ca\/politica-de-privacidad\/#breadcrumb","itemListElement":[{"@type":"ListItem","position":1,"name":"Portada","item":"https:\/\/educationalevidence.com\/ca\/"},{"@type":"ListItem","position":2,"name":"Pol\u00edtica de Privacitat"}]},{"@type":"WebSite","@id":"https:\/\/educationalevidence.com\/ca\/#website","url":"https:\/\/educationalevidence.com\/ca\/","name":"Educational Evidence","description":"","publisher":{"@id":"https:\/\/educationalevidence.com\/ca\/#organization"},"potentialAction":[{"@type":"SearchAction","target":{"@type":"EntryPoint","urlTemplate":"https:\/\/educationalevidence.com\/ca\/?s={search_term_string}"},"query-input":{"@type":"PropertyValueSpecification","valueRequired":true,"valueName":"search_term_string"}}],"inLanguage":"ca"},{"@type":"Organization","@id":"https:\/\/educationalevidence.com\/ca\/#organization","name":"Educational Evidence","url":"https:\/\/educationalevidence.com\/ca\/","logo":{"@type":"ImageObject","inLanguage":"ca","@id":"https:\/\/educationalevidence.com\/ca\/#\/schema\/logo\/image\/","url":"https:\/\/educationalevidence.com\/wp-content\/uploads\/2023\/07\/educational_evidence_logo_horitzontal_blanc_negatiu.png","contentUrl":"https:\/\/educationalevidence.com\/wp-content\/uploads\/2023\/07\/educational_evidence_logo_horitzontal_blanc_negatiu.png","width":3508,"height":1090,"caption":"Educational Evidence"},"image":{"@id":"https:\/\/educationalevidence.com\/ca\/#\/schema\/logo\/image\/"}}]}},"_links":{"self":[{"href":"https:\/\/educationalevidence.com\/ca\/wp-json\/wp\/v2\/pages\/13791","targetHints":{"allow":["GET"]}}],"collection":[{"href":"https:\/\/educationalevidence.com\/ca\/wp-json\/wp\/v2\/pages"}],"about":[{"href":"https:\/\/educationalevidence.com\/ca\/wp-json\/wp\/v2\/types\/page"}],"author":[{"embeddable":true,"href":"https:\/\/educationalevidence.com\/ca\/wp-json\/wp\/v2\/users\/4"}],"replies":[{"embeddable":true,"href":"https:\/\/educationalevidence.com\/ca\/wp-json\/wp\/v2\/comments?post=13791"}],"version-history":[{"count":2,"href":"https:\/\/educationalevidence.com\/ca\/wp-json\/wp\/v2\/pages\/13791\/revisions"}],"predecessor-version":[{"id":13794,"href":"https:\/\/educationalevidence.com\/ca\/wp-json\/wp\/v2\/pages\/13791\/revisions\/13794"}],"wp:attachment":[{"href":"https:\/\/educationalevidence.com\/ca\/wp-json\/wp\/v2\/media?parent=13791"}],"curies":[{"name":"wp","href":"https:\/\/api.w.org\/{rel}","templated":true}]}}