{"id":13672,"date":"2023-11-21T21:28:34","date_gmt":"2023-11-21T20:28:34","guid":{"rendered":"https:\/\/educationalevidence.com\/?page_id=13672"},"modified":"2025-01-08T18:42:40","modified_gmt":"2025-01-08T17:42:40","slug":"estudis-portugal-2","status":"publish","type":"page","link":"https:\/\/educationalevidence.com\/ca\/estudis-portugal-2\/","title":{"rendered":"Estudis \u2022 Portugal"},"content":{"rendered":"\t\t<div data-elementor-type=\"wp-page\" data-elementor-id=\"13672\" class=\"elementor elementor-13672 elementor-11704\">\n\t\t\t\t<div class=\"elementor-element elementor-element-2a6b386 e-flex e-con-boxed e-con e-parent\" data-id=\"2a6b386\" data-element_type=\"container\" data-e-type=\"container\">\n\t\t\t\t\t<div class=\"e-con-inner\">\n\t\t<div class=\"elementor-element elementor-element-3ddb95a e-con-full e-flex e-con e-child\" data-id=\"3ddb95a\" data-element_type=\"container\" data-e-type=\"container\">\n\t\t\t\t<div class=\"elementor-element elementor-element-b29c519 elementor-widget elementor-widget-image\" data-id=\"b29c519\" data-element_type=\"widget\" data-e-type=\"widget\" data-widget_type=\"image.default\">\n\t\t\t\t<div class=\"elementor-widget-container\">\n\t\t\t\t\t\t\t\t\t\t\t\t\t\t\t<img fetchpriority=\"high\" decoding=\"async\" width=\"741\" height=\"999\" src=\"https:\/\/educationalevidence.com\/wp-content\/uploads\/2024\/04\/PISA-2022-2.jpg\" class=\"attachment-large size-large wp-image-14391\" alt=\"\" srcset=\"https:\/\/educationalevidence.com\/wp-content\/uploads\/2024\/04\/PISA-2022-2.jpg 741w, https:\/\/educationalevidence.com\/wp-content\/uploads\/2024\/04\/PISA-2022-2-223x300.jpg 223w\" sizes=\"(max-width: 741px) 100vw, 741px\" \/>\t\t\t\t\t\t\t\t\t\t\t\t\t\t\t<\/div>\n\t\t\t\t<\/div>\n\t\t\t\t<\/div>\n\t\t<div class=\"elementor-element elementor-element-e12a6be e-con-full e-flex e-con e-child\" data-id=\"e12a6be\" data-element_type=\"container\" data-e-type=\"container\">\n\t\t\t\t<div class=\"elementor-element elementor-element-44b28b1 elementor-widget elementor-widget-heading\" data-id=\"44b28b1\" data-element_type=\"widget\" data-e-type=\"widget\" data-widget_type=\"heading.default\">\n\t\t\t\t<div class=\"elementor-widget-container\">\n\t\t\t\t\t<h2 class=\"elementor-heading-title elementor-size-default\">PISA 2022<\/h2>\t\t\t\t<\/div>\n\t\t\t\t<\/div>\n\t\t\t\t<div class=\"elementor-element elementor-element-aa9181b elementor-widget elementor-widget-text-editor\" data-id=\"aa9181b\" data-element_type=\"widget\" data-e-type=\"widget\" data-widget_type=\"text-editor.default\">\n\t\t\t\t<div class=\"elementor-widget-container\">\n\t\t\t\t\t\t\t\t\t<h5><strong>Programa per a l&#8217;Avaluaci\u00f3<\/strong><br \/><strong>Internacional dels Estudiants. Informe Portugal<\/strong><\/h5>\t\t\t\t\t\t\t\t<\/div>\n\t\t\t\t<\/div>\n\t\t\t\t<div class=\"elementor-element elementor-element-176cad2 elementor-align-center elementor-widget elementor-widget-button\" data-id=\"176cad2\" data-element_type=\"widget\" data-e-type=\"widget\" data-widget_type=\"button.default\">\n\t\t\t\t<div class=\"elementor-widget-container\">\n\t\t\t\t\t\t\t\t\t<div class=\"elementor-button-wrapper\">\n\t\t\t\t\t<a class=\"elementor-button elementor-button-link elementor-size-sm\" href=\"https:\/\/www.oecd.org\/publication\/pisa-2022-results\/webbooks\/dynamic\/pisa-country-notes\/777942d5\/pdf\/portugal.pdf\" target=\"_blank\">\n\t\t\t\t\t\t<span class=\"elementor-button-content-wrapper\">\n\t\t\t\t\t\t\t\t\t<span class=\"elementor-button-text\">Accedir<\/span>\n\t\t\t\t\t<\/span>\n\t\t\t\t\t<\/a>\n\t\t\t\t<\/div>\n\t\t\t\t\t\t\t\t<\/div>\n\t\t\t\t<\/div>\n\t\t\t\t<\/div>\n\t\t\t\t\t<\/div>\n\t\t\t\t<\/div>\n\t\t<div class=\"elementor-element elementor-element-84b6da9 e-flex e-con-boxed e-con e-parent\" data-id=\"84b6da9\" data-element_type=\"container\" data-e-type=\"container\">\n\t\t\t\t\t<div class=\"e-con-inner\">\n\t\t<div class=\"elementor-element elementor-element-6b59aa1 e-con-full e-flex e-con e-child\" data-id=\"6b59aa1\" data-element_type=\"container\" data-e-type=\"container\">\n\t\t\t\t<div class=\"elementor-element elementor-element-8044b0d elementor-widget elementor-widget-image\" data-id=\"8044b0d\" data-element_type=\"widget\" data-e-type=\"widget\" data-widget_type=\"image.default\">\n\t\t\t\t<div class=\"elementor-widget-container\">\n\t\t\t\t\t\t\t\t\t\t\t\t\t\t\t<img decoding=\"async\" width=\"438\" height=\"626\" src=\"https:\/\/educationalevidence.com\/wp-content\/uploads\/2024\/04\/PIRLS-2021-int.jpg\" class=\"attachment-large size-large wp-image-14102\" alt=\"\" srcset=\"https:\/\/educationalevidence.com\/wp-content\/uploads\/2024\/04\/PIRLS-2021-int.jpg 438w, https:\/\/educationalevidence.com\/wp-content\/uploads\/2024\/04\/PIRLS-2021-int-210x300.jpg 210w\" sizes=\"(max-width: 438px) 100vw, 438px\" \/>\t\t\t\t\t\t\t\t\t\t\t\t\t\t\t<\/div>\n\t\t\t\t<\/div>\n\t\t\t\t<\/div>\n\t\t<div class=\"elementor-element elementor-element-b860eea e-con-full e-flex e-con e-child\" data-id=\"b860eea\" data-element_type=\"container\" data-e-type=\"container\">\n\t\t\t\t<div class=\"elementor-element elementor-element-7a98b88 elementor-widget elementor-widget-heading\" data-id=\"7a98b88\" data-element_type=\"widget\" data-e-type=\"widget\" data-widget_type=\"heading.default\">\n\t\t\t\t<div class=\"elementor-widget-container\">\n\t\t\t\t\t<h2 class=\"elementor-heading-title elementor-size-default\">PIRLS 2021<\/h2>\t\t\t\t<\/div>\n\t\t\t\t<\/div>\n\t\t\t\t<div class=\"elementor-element elementor-element-4ce40b1 elementor-widget elementor-widget-text-editor\" data-id=\"4ce40b1\" data-element_type=\"widget\" data-e-type=\"widget\" data-widget_type=\"text-editor.default\">\n\t\t\t\t<div class=\"elementor-widget-container\">\n\t\t\t\t\t\t\t\t\t<h5><strong>Estudi Internacional de Progr\u00e9s en Comprensi\u00f3 Lectora. Informe Portugal<\/strong><\/h5>\t\t\t\t\t\t\t\t<\/div>\n\t\t\t\t<\/div>\n\t\t\t\t<div class=\"elementor-element elementor-element-16c6024 elementor-align-center elementor-widget elementor-widget-button\" data-id=\"16c6024\" data-element_type=\"widget\" data-e-type=\"widget\" data-widget_type=\"button.default\">\n\t\t\t\t<div class=\"elementor-widget-container\">\n\t\t\t\t\t\t\t\t\t<div class=\"elementor-button-wrapper\">\n\t\t\t\t\t<a class=\"elementor-button elementor-button-link elementor-size-sm\" href=\"https:\/\/pirls2021.org\/portugal\/\" target=\"_blank\">\n\t\t\t\t\t\t<span class=\"elementor-button-content-wrapper\">\n\t\t\t\t\t\t\t\t\t<span class=\"elementor-button-text\">Accedir<\/span>\n\t\t\t\t\t<\/span>\n\t\t\t\t\t<\/a>\n\t\t\t\t<\/div>\n\t\t\t\t\t\t\t\t<\/div>\n\t\t\t\t<\/div>\n\t\t\t\t<\/div>\n\t\t\t\t\t<\/div>\n\t\t\t\t<\/div>\n\t\t<div class=\"elementor-element elementor-element-50ff497 e-flex e-con-boxed e-con e-parent\" data-id=\"50ff497\" data-element_type=\"container\" data-e-type=\"container\">\n\t\t\t\t\t<div class=\"e-con-inner\">\n\t\t<div class=\"elementor-element elementor-element-2d1b87d e-con-full e-flex e-con e-child\" data-id=\"2d1b87d\" data-element_type=\"container\" data-e-type=\"container\">\n\t\t\t\t<div class=\"elementor-element elementor-element-64765c3 elementor-widget elementor-widget-image\" data-id=\"64765c3\" data-element_type=\"widget\" data-e-type=\"widget\" data-widget_type=\"image.default\">\n\t\t\t\t<div class=\"elementor-widget-container\">\n\t\t\t\t\t\t\t\t\t\t\t\t\t\t\t<img decoding=\"async\" width=\"441\" height=\"634\" src=\"https:\/\/educationalevidence.com\/wp-content\/uploads\/2025\/01\/TIMSS-2023-PT.jpg\" class=\"attachment-large size-large wp-image-23391\" alt=\"\" srcset=\"https:\/\/educationalevidence.com\/wp-content\/uploads\/2025\/01\/TIMSS-2023-PT.jpg 441w, https:\/\/educationalevidence.com\/wp-content\/uploads\/2025\/01\/TIMSS-2023-PT-209x300.jpg 209w, https:\/\/educationalevidence.com\/wp-content\/uploads\/2025\/01\/TIMSS-2023-PT-230x330.jpg 230w, https:\/\/educationalevidence.com\/wp-content\/uploads\/2025\/01\/TIMSS-2023-PT-125x180.jpg 125w\" sizes=\"(max-width: 441px) 100vw, 441px\" \/>\t\t\t\t\t\t\t\t\t\t\t\t\t\t\t<\/div>\n\t\t\t\t<\/div>\n\t\t\t\t<\/div>\n\t\t<div class=\"elementor-element elementor-element-5b54382 e-con-full e-flex e-con e-child\" data-id=\"5b54382\" data-element_type=\"container\" data-e-type=\"container\">\n\t\t\t\t<div class=\"elementor-element elementor-element-e7d9f3b elementor-widget elementor-widget-heading\" data-id=\"e7d9f3b\" data-element_type=\"widget\" data-e-type=\"widget\" data-widget_type=\"heading.default\">\n\t\t\t\t<div class=\"elementor-widget-container\">\n\t\t\t\t\t<h2 class=\"elementor-heading-title elementor-size-default\">TIMSS 2023<\/h2>\t\t\t\t<\/div>\n\t\t\t\t<\/div>\n\t\t\t\t<div class=\"elementor-element elementor-element-86249e7 elementor-widget elementor-widget-text-editor\" data-id=\"86249e7\" data-element_type=\"widget\" data-e-type=\"widget\" data-widget_type=\"text-editor.default\">\n\t\t\t\t<div class=\"elementor-widget-container\">\n\t\t\t\t\t\t\t\t\t<h5><strong>Estudi Internacional de Tend\u00e8ncies en Matem\u00e0tiques i Ci\u00e8ncies. Informe Portugal<\/strong><\/h5>\t\t\t\t\t\t\t\t<\/div>\n\t\t\t\t<\/div>\n\t\t\t\t<div class=\"elementor-element elementor-element-a46d0b8 elementor-align-center elementor-widget elementor-widget-button\" data-id=\"a46d0b8\" data-element_type=\"widget\" data-e-type=\"widget\" data-widget_type=\"button.default\">\n\t\t\t\t<div class=\"elementor-widget-container\">\n\t\t\t\t\t\t\t\t\t<div class=\"elementor-button-wrapper\">\n\t\t\t\t\t<a class=\"elementor-button elementor-button-link elementor-size-sm\" href=\"https:\/\/timss2023.org\/encyclopedia\/portugal\/\" target=\"_blank\">\n\t\t\t\t\t\t<span class=\"elementor-button-content-wrapper\">\n\t\t\t\t\t\t\t\t\t<span class=\"elementor-button-text\">Accedir<\/span>\n\t\t\t\t\t<\/span>\n\t\t\t\t\t<\/a>\n\t\t\t\t<\/div>\n\t\t\t\t\t\t\t\t<\/div>\n\t\t\t\t<\/div>\n\t\t\t\t<\/div>\n\t\t\t\t\t<\/div>\n\t\t\t\t<\/div>\n\t\t\t\t<\/div>\n\t\t","protected":false},"excerpt":{"rendered":"<p>PISA 2022 Programa per a l&#8217;Avaluaci\u00f3Internacional dels Estudiants. Informe Portugal Accedir PIRLS 2021 Estudi Internacional de Progr\u00e9s en Comprensi\u00f3 Lectora. Informe Portugal Accedir TIMSS 2023 Estudi Internacional de Tend\u00e8ncies en Matem\u00e0tiques i Ci\u00e8ncies. Informe Portugal Accedir<\/p>\n","protected":false},"author":1,"featured_media":0,"parent":0,"menu_order":0,"comment_status":"closed","ping_status":"closed","template":"","meta":{"_FSMCFIC_featured_image_caption":"","_FSMCFIC_featured_image_nocaption":"","_FSMCFIC_featured_image_hide":"","footnotes":""},"class_list":["post-13672","page","type-page","status-publish","hentry"],"yoast_head":"<!-- This site is optimized with the Yoast SEO plugin v27.4 - https:\/\/yoast.com\/product\/yoast-seo-wordpress\/ -->\n<title>Estudis \u2022 Portugal - Educational Evidence<\/title>\n<meta name=\"robots\" content=\"index, follow, max-snippet:-1, max-image-preview:large, max-video-preview:-1\" \/>\n<link rel=\"canonical\" href=\"https:\/\/educationalevidence.com\/ca\/estudis-portugal-2\/\" \/>\n<meta property=\"og:locale\" content=\"ca_ES\" \/>\n<meta property=\"og:type\" content=\"article\" \/>\n<meta property=\"og:title\" content=\"Estudis \u2022 Portugal - Educational Evidence\" \/>\n<meta property=\"og:description\" content=\"PISA 2022 Programa per a l&#8217;Avaluaci\u00f3Internacional dels Estudiants. Informe Portugal Accedir PIRLS 2021 Estudi Internacional de Progr\u00e9s en Comprensi\u00f3 Lectora. Informe Portugal Accedir TIMSS 2023 Estudi Internacional de Tend\u00e8ncies en Matem\u00e0tiques i Ci\u00e8ncies. Informe Portugal Accedir\" \/>\n<meta property=\"og:url\" content=\"https:\/\/educationalevidence.com\/ca\/estudis-portugal-2\/\" \/>\n<meta property=\"og:site_name\" content=\"Educational Evidence\" \/>\n<meta property=\"article:modified_time\" content=\"2025-01-08T17:42:40+00:00\" \/>\n<meta property=\"og:image\" content=\"https:\/\/educationalevidence.com\/wp-content\/uploads\/2024\/04\/PISA-2022-2.jpg\" \/>\n\t<meta property=\"og:image:width\" content=\"741\" \/>\n\t<meta property=\"og:image:height\" content=\"999\" \/>\n\t<meta property=\"og:image:type\" content=\"image\/jpeg\" \/>\n<meta name=\"twitter:card\" content=\"summary_large_image\" \/>\n<meta name=\"twitter:label1\" content=\"Temps estimat de lectura\" \/>\n\t<meta name=\"twitter:data1\" content=\"1 minut\" \/>\n<script type=\"application\/ld+json\" class=\"yoast-schema-graph\">{\"@context\":\"https:\\\/\\\/schema.org\",\"@graph\":[{\"@type\":\"WebPage\",\"@id\":\"https:\\\/\\\/educationalevidence.com\\\/ca\\\/estudis-portugal-2\\\/\",\"url\":\"https:\\\/\\\/educationalevidence.com\\\/ca\\\/estudis-portugal-2\\\/\",\"name\":\"Estudis \u2022 Portugal - Educational Evidence\",\"isPartOf\":{\"@id\":\"https:\\\/\\\/educationalevidence.com\\\/ca\\\/#website\"},\"primaryImageOfPage\":{\"@id\":\"https:\\\/\\\/educationalevidence.com\\\/ca\\\/estudis-portugal-2\\\/#primaryimage\"},\"image\":{\"@id\":\"https:\\\/\\\/educationalevidence.com\\\/ca\\\/estudis-portugal-2\\\/#primaryimage\"},\"thumbnailUrl\":\"https:\\\/\\\/educationalevidence.com\\\/wp-content\\\/uploads\\\/2024\\\/04\\\/PISA-2022-2.jpg\",\"datePublished\":\"2023-11-21T20:28:34+00:00\",\"dateModified\":\"2025-01-08T17:42:40+00:00\",\"breadcrumb\":{\"@id\":\"https:\\\/\\\/educationalevidence.com\\\/ca\\\/estudis-portugal-2\\\/#breadcrumb\"},\"inLanguage\":\"ca\",\"potentialAction\":[{\"@type\":\"ReadAction\",\"target\":[\"https:\\\/\\\/educationalevidence.com\\\/ca\\\/estudis-portugal-2\\\/\"]}]},{\"@type\":\"ImageObject\",\"inLanguage\":\"ca\",\"@id\":\"https:\\\/\\\/educationalevidence.com\\\/ca\\\/estudis-portugal-2\\\/#primaryimage\",\"url\":\"https:\\\/\\\/educationalevidence.com\\\/wp-content\\\/uploads\\\/2024\\\/04\\\/PISA-2022-2.jpg\",\"contentUrl\":\"https:\\\/\\\/educationalevidence.com\\\/wp-content\\\/uploads\\\/2024\\\/04\\\/PISA-2022-2.jpg\"},{\"@type\":\"BreadcrumbList\",\"@id\":\"https:\\\/\\\/educationalevidence.com\\\/ca\\\/estudis-portugal-2\\\/#breadcrumb\",\"itemListElement\":[{\"@type\":\"ListItem\",\"position\":1,\"name\":\"Portada\",\"item\":\"https:\\\/\\\/educationalevidence.com\\\/ca\\\/\"},{\"@type\":\"ListItem\",\"position\":2,\"name\":\"Estudis \u2022 Portugal\"}]},{\"@type\":\"WebSite\",\"@id\":\"https:\\\/\\\/educationalevidence.com\\\/ca\\\/#website\",\"url\":\"https:\\\/\\\/educationalevidence.com\\\/ca\\\/\",\"name\":\"Educational Evidence\",\"description\":\"\",\"publisher\":{\"@id\":\"https:\\\/\\\/educationalevidence.com\\\/ca\\\/#organization\"},\"potentialAction\":[{\"@type\":\"SearchAction\",\"target\":{\"@type\":\"EntryPoint\",\"urlTemplate\":\"https:\\\/\\\/educationalevidence.com\\\/ca\\\/?s={search_term_string}\"},\"query-input\":{\"@type\":\"PropertyValueSpecification\",\"valueRequired\":true,\"valueName\":\"search_term_string\"}}],\"inLanguage\":\"ca\"},{\"@type\":\"Organization\",\"@id\":\"https:\\\/\\\/educationalevidence.com\\\/ca\\\/#organization\",\"name\":\"Educational Evidence\",\"url\":\"https:\\\/\\\/educationalevidence.com\\\/ca\\\/\",\"logo\":{\"@type\":\"ImageObject\",\"inLanguage\":\"ca\",\"@id\":\"https:\\\/\\\/educationalevidence.com\\\/ca\\\/#\\\/schema\\\/logo\\\/image\\\/\",\"url\":\"https:\\\/\\\/educationalevidence.com\\\/wp-content\\\/uploads\\\/2023\\\/07\\\/educational_evidence_logo_horitzontal_blanc_negatiu.png\",\"contentUrl\":\"https:\\\/\\\/educationalevidence.com\\\/wp-content\\\/uploads\\\/2023\\\/07\\\/educational_evidence_logo_horitzontal_blanc_negatiu.png\",\"width\":3508,\"height\":1090,\"caption\":\"Educational Evidence\"},\"image\":{\"@id\":\"https:\\\/\\\/educationalevidence.com\\\/ca\\\/#\\\/schema\\\/logo\\\/image\\\/\"}}]}<\/script>\n<!-- \/ Yoast SEO plugin. -->","yoast_head_json":{"title":"Estudis \u2022 Portugal - Educational Evidence","robots":{"index":"index","follow":"follow","max-snippet":"max-snippet:-1","max-image-preview":"max-image-preview:large","max-video-preview":"max-video-preview:-1"},"canonical":"https:\/\/educationalevidence.com\/ca\/estudis-portugal-2\/","og_locale":"ca_ES","og_type":"article","og_title":"Estudis \u2022 Portugal - Educational Evidence","og_description":"PISA 2022 Programa per a l&#8217;Avaluaci\u00f3Internacional dels Estudiants. Informe Portugal Accedir PIRLS 2021 Estudi Internacional de Progr\u00e9s en Comprensi\u00f3 Lectora. Informe Portugal Accedir TIMSS 2023 Estudi Internacional de Tend\u00e8ncies en Matem\u00e0tiques i Ci\u00e8ncies. Informe Portugal Accedir","og_url":"https:\/\/educationalevidence.com\/ca\/estudis-portugal-2\/","og_site_name":"Educational Evidence","article_modified_time":"2025-01-08T17:42:40+00:00","og_image":[{"width":741,"height":999,"url":"https:\/\/educationalevidence.com\/wp-content\/uploads\/2024\/04\/PISA-2022-2.jpg","type":"image\/jpeg"}],"twitter_card":"summary_large_image","twitter_misc":{"Temps estimat de lectura":"1 minut"},"schema":{"@context":"https:\/\/schema.org","@graph":[{"@type":"WebPage","@id":"https:\/\/educationalevidence.com\/ca\/estudis-portugal-2\/","url":"https:\/\/educationalevidence.com\/ca\/estudis-portugal-2\/","name":"Estudis \u2022 Portugal - Educational Evidence","isPartOf":{"@id":"https:\/\/educationalevidence.com\/ca\/#website"},"primaryImageOfPage":{"@id":"https:\/\/educationalevidence.com\/ca\/estudis-portugal-2\/#primaryimage"},"image":{"@id":"https:\/\/educationalevidence.com\/ca\/estudis-portugal-2\/#primaryimage"},"thumbnailUrl":"https:\/\/educationalevidence.com\/wp-content\/uploads\/2024\/04\/PISA-2022-2.jpg","datePublished":"2023-11-21T20:28:34+00:00","dateModified":"2025-01-08T17:42:40+00:00","breadcrumb":{"@id":"https:\/\/educationalevidence.com\/ca\/estudis-portugal-2\/#breadcrumb"},"inLanguage":"ca","potentialAction":[{"@type":"ReadAction","target":["https:\/\/educationalevidence.com\/ca\/estudis-portugal-2\/"]}]},{"@type":"ImageObject","inLanguage":"ca","@id":"https:\/\/educationalevidence.com\/ca\/estudis-portugal-2\/#primaryimage","url":"https:\/\/educationalevidence.com\/wp-content\/uploads\/2024\/04\/PISA-2022-2.jpg","contentUrl":"https:\/\/educationalevidence.com\/wp-content\/uploads\/2024\/04\/PISA-2022-2.jpg"},{"@type":"BreadcrumbList","@id":"https:\/\/educationalevidence.com\/ca\/estudis-portugal-2\/#breadcrumb","itemListElement":[{"@type":"ListItem","position":1,"name":"Portada","item":"https:\/\/educationalevidence.com\/ca\/"},{"@type":"ListItem","position":2,"name":"Estudis \u2022 Portugal"}]},{"@type":"WebSite","@id":"https:\/\/educationalevidence.com\/ca\/#website","url":"https:\/\/educationalevidence.com\/ca\/","name":"Educational Evidence","description":"","publisher":{"@id":"https:\/\/educationalevidence.com\/ca\/#organization"},"potentialAction":[{"@type":"SearchAction","target":{"@type":"EntryPoint","urlTemplate":"https:\/\/educationalevidence.com\/ca\/?s={search_term_string}"},"query-input":{"@type":"PropertyValueSpecification","valueRequired":true,"valueName":"search_term_string"}}],"inLanguage":"ca"},{"@type":"Organization","@id":"https:\/\/educationalevidence.com\/ca\/#organization","name":"Educational Evidence","url":"https:\/\/educationalevidence.com\/ca\/","logo":{"@type":"ImageObject","inLanguage":"ca","@id":"https:\/\/educationalevidence.com\/ca\/#\/schema\/logo\/image\/","url":"https:\/\/educationalevidence.com\/wp-content\/uploads\/2023\/07\/educational_evidence_logo_horitzontal_blanc_negatiu.png","contentUrl":"https:\/\/educationalevidence.com\/wp-content\/uploads\/2023\/07\/educational_evidence_logo_horitzontal_blanc_negatiu.png","width":3508,"height":1090,"caption":"Educational Evidence"},"image":{"@id":"https:\/\/educationalevidence.com\/ca\/#\/schema\/logo\/image\/"}}]}},"_links":{"self":[{"href":"https:\/\/educationalevidence.com\/ca\/wp-json\/wp\/v2\/pages\/13672","targetHints":{"allow":["GET"]}}],"collection":[{"href":"https:\/\/educationalevidence.com\/ca\/wp-json\/wp\/v2\/pages"}],"about":[{"href":"https:\/\/educationalevidence.com\/ca\/wp-json\/wp\/v2\/types\/page"}],"author":[{"embeddable":true,"href":"https:\/\/educationalevidence.com\/ca\/wp-json\/wp\/v2\/users\/1"}],"replies":[{"embeddable":true,"href":"https:\/\/educationalevidence.com\/ca\/wp-json\/wp\/v2\/comments?post=13672"}],"version-history":[{"count":8,"href":"https:\/\/educationalevidence.com\/ca\/wp-json\/wp\/v2\/pages\/13672\/revisions"}],"predecessor-version":[{"id":23400,"href":"https:\/\/educationalevidence.com\/ca\/wp-json\/wp\/v2\/pages\/13672\/revisions\/23400"}],"wp:attachment":[{"href":"https:\/\/educationalevidence.com\/ca\/wp-json\/wp\/v2\/media?parent=13672"}],"curies":[{"name":"wp","href":"https:\/\/api.w.org\/{rel}","templated":true}]}}