{"id":12764,"date":"2024-01-11T23:56:54","date_gmt":"2024-01-11T22:56:54","guid":{"rendered":"https:\/\/educationalevidence.com\/?page_id=12764"},"modified":"2025-01-29T10:39:31","modified_gmt":"2025-01-29T09:39:31","slug":"estudis-franca","status":"publish","type":"page","link":"https:\/\/educationalevidence.com\/ca\/estudis-franca\/","title":{"rendered":"Estudis \u2022 Fran\u00e7a"},"content":{"rendered":"\t\t<div data-elementor-type=\"wp-page\" data-elementor-id=\"12764\" class=\"elementor elementor-12764 elementor-12762\">\n\t\t\t\t<div class=\"elementor-element elementor-element-2ec6088 e-con-full e-flex e-con e-parent\" data-id=\"2ec6088\" data-element_type=\"container\" data-e-type=\"container\">\n\t\t<div class=\"elementor-element elementor-element-24ad643 e-con-full e-flex e-con e-child\" data-id=\"24ad643\" data-element_type=\"container\" data-e-type=\"container\">\n\t\t\t\t<div class=\"elementor-element elementor-element-c59c599 elementor-widget elementor-widget-image\" data-id=\"c59c599\" data-element_type=\"widget\" data-e-type=\"widget\" data-widget_type=\"image.default\">\n\t\t\t\t<div class=\"elementor-widget-container\">\n\t\t\t\t\t\t\t\t\t\t\t\t\t\t\t<img fetchpriority=\"high\" decoding=\"async\" width=\"741\" height=\"999\" src=\"https:\/\/educationalevidence.com\/wp-content\/uploads\/2024\/04\/PISA-2022.jpg\" class=\"attachment-large size-large wp-image-14082\" alt=\"\" srcset=\"https:\/\/educationalevidence.com\/wp-content\/uploads\/2024\/04\/PISA-2022.jpg 741w, https:\/\/educationalevidence.com\/wp-content\/uploads\/2024\/04\/PISA-2022-223x300.jpg 223w\" sizes=\"(max-width: 741px) 100vw, 741px\" \/>\t\t\t\t\t\t\t\t\t\t\t\t\t\t\t<\/div>\n\t\t\t\t<\/div>\n\t\t\t\t<\/div>\n\t\t<div class=\"elementor-element elementor-element-9b0384f e-con-full e-flex e-con e-child\" data-id=\"9b0384f\" data-element_type=\"container\" data-e-type=\"container\">\n\t\t\t\t<div class=\"elementor-element elementor-element-b2a0bbd elementor-widget elementor-widget-heading\" data-id=\"b2a0bbd\" data-element_type=\"widget\" data-e-type=\"widget\" data-widget_type=\"heading.default\">\n\t\t\t\t<div class=\"elementor-widget-container\">\n\t\t\t\t\t<h2 class=\"elementor-heading-title elementor-size-default\">PISA 2022<\/h2>\t\t\t\t<\/div>\n\t\t\t\t<\/div>\n\t\t\t\t<div class=\"elementor-element elementor-element-4dfdc8c elementor-widget__width-initial elementor-widget elementor-widget-text-editor\" data-id=\"4dfdc8c\" data-element_type=\"widget\" data-e-type=\"widget\" data-widget_type=\"text-editor.default\">\n\t\t\t\t<div class=\"elementor-widget-container\">\n\t\t\t\t\t\t\t\t\t<h3>Programa per a l&#8217;Avaluaci\u00f3 Internacional dels Estudiants. Informe Fran\u00e7a<\/h3>\t\t\t\t\t\t\t\t<\/div>\n\t\t\t\t<\/div>\n\t\t\t\t<div class=\"elementor-element elementor-element-e3ae343 elementor-align-center elementor-widget elementor-widget-button\" data-id=\"e3ae343\" data-element_type=\"widget\" data-e-type=\"widget\" data-widget_type=\"button.default\">\n\t\t\t\t<div class=\"elementor-widget-container\">\n\t\t\t\t\t\t\t\t\t<div class=\"elementor-button-wrapper\">\n\t\t\t\t\t<a class=\"elementor-button elementor-button-link elementor-size-sm\" href=\"https:\/\/www.oecd.org\/publication\/pisa-2022-results\/country-notes\/france-8008535b\/#chapter-d1e11\" target=\"_blank\">\n\t\t\t\t\t\t<span class=\"elementor-button-content-wrapper\">\n\t\t\t\t\t\t\t\t\t<span class=\"elementor-button-text\">Accedir<\/span>\n\t\t\t\t\t<\/span>\n\t\t\t\t\t<\/a>\n\t\t\t\t<\/div>\n\t\t\t\t\t\t\t\t<\/div>\n\t\t\t\t<\/div>\n\t\t\t\t<\/div>\n\t\t\t\t<\/div>\n\t\t<div class=\"elementor-element elementor-element-ca6ab92 e-flex e-con-boxed e-con e-parent\" data-id=\"ca6ab92\" data-element_type=\"container\" data-e-type=\"container\">\n\t\t\t\t\t<div class=\"e-con-inner\">\n\t\t<div class=\"elementor-element elementor-element-feffdfe e-con-full e-flex e-con e-child\" data-id=\"feffdfe\" data-element_type=\"container\" data-e-type=\"container\">\n\t\t\t\t<div class=\"elementor-element elementor-element-d6c05dc elementor-widget elementor-widget-image\" data-id=\"d6c05dc\" data-element_type=\"widget\" data-e-type=\"widget\" data-widget_type=\"image.default\">\n\t\t\t\t<div class=\"elementor-widget-container\">\n\t\t\t\t\t\t\t\t\t\t\t\t\t\t\t<img decoding=\"async\" width=\"438\" height=\"626\" src=\"https:\/\/educationalevidence.com\/wp-content\/uploads\/2024\/04\/PIRLS-2021-int.jpg\" class=\"attachment-large size-large wp-image-14102\" alt=\"\" srcset=\"https:\/\/educationalevidence.com\/wp-content\/uploads\/2024\/04\/PIRLS-2021-int.jpg 438w, https:\/\/educationalevidence.com\/wp-content\/uploads\/2024\/04\/PIRLS-2021-int-210x300.jpg 210w\" sizes=\"(max-width: 438px) 100vw, 438px\" \/>\t\t\t\t\t\t\t\t\t\t\t\t\t\t\t<\/div>\n\t\t\t\t<\/div>\n\t\t\t\t<\/div>\n\t\t<div class=\"elementor-element elementor-element-40b1a4d e-con-full e-flex e-con e-child\" data-id=\"40b1a4d\" data-element_type=\"container\" data-e-type=\"container\">\n\t\t\t\t<div class=\"elementor-element elementor-element-be3dda5 elementor-widget elementor-widget-heading\" data-id=\"be3dda5\" data-element_type=\"widget\" data-e-type=\"widget\" data-widget_type=\"heading.default\">\n\t\t\t\t<div class=\"elementor-widget-container\">\n\t\t\t\t\t<h2 class=\"elementor-heading-title elementor-size-default\">PIRLS 2021<\/h2>\t\t\t\t<\/div>\n\t\t\t\t<\/div>\n\t\t\t\t<div class=\"elementor-element elementor-element-f1b21a1 elementor-widget elementor-widget-text-editor\" data-id=\"f1b21a1\" data-element_type=\"widget\" data-e-type=\"widget\" data-widget_type=\"text-editor.default\">\n\t\t\t\t<div class=\"elementor-widget-container\">\n\t\t\t\t\t\t\t\t\t<h3>Estudi Internacional de Progr\u00e9s en Comprensi\u00f3 Lectora. Informe Fran\u00e7a<\/h3>\t\t\t\t\t\t\t\t<\/div>\n\t\t\t\t<\/div>\n\t\t\t\t<div class=\"elementor-element elementor-element-5674fa3 elementor-align-center elementor-widget elementor-widget-button\" data-id=\"5674fa3\" data-element_type=\"widget\" data-e-type=\"widget\" data-widget_type=\"button.default\">\n\t\t\t\t<div class=\"elementor-widget-container\">\n\t\t\t\t\t\t\t\t\t<div class=\"elementor-button-wrapper\">\n\t\t\t\t\t<a class=\"elementor-button elementor-button-link elementor-size-sm\" href=\"https:\/\/pirls2021.org\/france\/\" target=\"_blank\">\n\t\t\t\t\t\t<span class=\"elementor-button-content-wrapper\">\n\t\t\t\t\t\t\t\t\t<span class=\"elementor-button-text\">Accedir<\/span>\n\t\t\t\t\t<\/span>\n\t\t\t\t\t<\/a>\n\t\t\t\t<\/div>\n\t\t\t\t\t\t\t\t<\/div>\n\t\t\t\t<\/div>\n\t\t\t\t<\/div>\n\t\t\t\t\t<\/div>\n\t\t\t\t<\/div>\n\t\t<div class=\"elementor-element elementor-element-83523ac e-flex e-con-boxed e-con e-parent\" data-id=\"83523ac\" data-element_type=\"container\" data-e-type=\"container\">\n\t\t\t\t\t<div class=\"e-con-inner\">\n\t\t<div class=\"elementor-element elementor-element-99016a1 e-con-full e-flex e-con e-child\" data-id=\"99016a1\" data-element_type=\"container\" data-e-type=\"container\">\n\t\t\t\t<div class=\"elementor-element elementor-element-248f4c7 elementor-widget elementor-widget-image\" data-id=\"248f4c7\" data-element_type=\"widget\" data-e-type=\"widget\" data-widget_type=\"image.default\">\n\t\t\t\t<div class=\"elementor-widget-container\">\n\t\t\t\t\t\t\t\t\t\t\t\t\t\t\t<img decoding=\"async\" width=\"667\" height=\"729\" src=\"https:\/\/educationalevidence.com\/wp-content\/uploads\/2025\/01\/TIMSS-fr.jpg\" class=\"attachment-large size-large wp-image-23438\" alt=\"\" srcset=\"https:\/\/educationalevidence.com\/wp-content\/uploads\/2025\/01\/TIMSS-fr.jpg 667w, https:\/\/educationalevidence.com\/wp-content\/uploads\/2025\/01\/TIMSS-fr-274x300.jpg 274w, https:\/\/educationalevidence.com\/wp-content\/uploads\/2025\/01\/TIMSS-fr-302x330.jpg 302w, https:\/\/educationalevidence.com\/wp-content\/uploads\/2025\/01\/TIMSS-fr-165x180.jpg 165w\" sizes=\"(max-width: 667px) 100vw, 667px\" \/>\t\t\t\t\t\t\t\t\t\t\t\t\t\t\t<\/div>\n\t\t\t\t<\/div>\n\t\t\t\t<\/div>\n\t\t<div class=\"elementor-element elementor-element-d76068d e-con-full e-flex e-con e-child\" data-id=\"d76068d\" data-element_type=\"container\" data-e-type=\"container\">\n\t\t\t\t<div class=\"elementor-element elementor-element-65270b2 elementor-widget elementor-widget-heading\" data-id=\"65270b2\" data-element_type=\"widget\" data-e-type=\"widget\" data-widget_type=\"heading.default\">\n\t\t\t\t<div class=\"elementor-widget-container\">\n\t\t\t\t\t<h2 class=\"elementor-heading-title elementor-size-default\">TIMSS 2023<\/h2>\t\t\t\t<\/div>\n\t\t\t\t<\/div>\n\t\t\t\t<div class=\"elementor-element elementor-element-2e742d3 elementor-widget elementor-widget-text-editor\" data-id=\"2e742d3\" data-element_type=\"widget\" data-e-type=\"widget\" data-widget_type=\"text-editor.default\">\n\t\t\t\t<div class=\"elementor-widget-container\">\n\t\t\t\t\t\t\t\t\t<h3>Estudi Internacional de Tend\u00e8ncies en Matem\u00e0tiques i Ci\u00e8ncies. \u00a0Informe Fran\u00e7a<\/h3>\t\t\t\t\t\t\t\t<\/div>\n\t\t\t\t<\/div>\n\t\t\t\t<div class=\"elementor-element elementor-element-60d42a5 elementor-align-center elementor-widget elementor-widget-button\" data-id=\"60d42a5\" data-element_type=\"widget\" data-e-type=\"widget\" data-widget_type=\"button.default\">\n\t\t\t\t<div class=\"elementor-widget-container\">\n\t\t\t\t\t\t\t\t\t<div class=\"elementor-button-wrapper\">\n\t\t\t\t\t<a class=\"elementor-button elementor-button-link elementor-size-sm\" href=\"https:\/\/timss2023.org\/encyclopedia\/france\/\" target=\"_blank\">\n\t\t\t\t\t\t<span class=\"elementor-button-content-wrapper\">\n\t\t\t\t\t\t\t\t\t<span class=\"elementor-button-text\">Accedir<\/span>\n\t\t\t\t\t<\/span>\n\t\t\t\t\t<\/a>\n\t\t\t\t<\/div>\n\t\t\t\t\t\t\t\t<\/div>\n\t\t\t\t<\/div>\n\t\t\t\t<\/div>\n\t\t\t\t\t<\/div>\n\t\t\t\t<\/div>\n\t\t<div class=\"elementor-element elementor-element-4428d94 e-flex e-con-boxed e-con e-parent\" data-id=\"4428d94\" data-element_type=\"container\" data-e-type=\"container\">\n\t\t\t\t\t<div class=\"e-con-inner\">\n\t\t<div class=\"elementor-element elementor-element-b701cc8 e-con-full e-flex e-con e-child\" data-id=\"b701cc8\" data-element_type=\"container\" data-e-type=\"container\">\n\t\t\t\t<div class=\"elementor-element elementor-element-14bcc1c elementor-widget elementor-widget-image\" data-id=\"14bcc1c\" data-element_type=\"widget\" data-e-type=\"widget\" data-widget_type=\"image.default\">\n\t\t\t\t<div class=\"elementor-widget-container\">\n\t\t\t\t\t\t\t\t\t\t\t\t\t\t\t<img loading=\"lazy\" decoding=\"async\" width=\"222\" height=\"227\" src=\"https:\/\/educationalevidence.com\/wp-content\/uploads\/2024\/04\/piaac-INT.jpg\" class=\"attachment-large size-large wp-image-14191\" alt=\"\" \/>\t\t\t\t\t\t\t\t\t\t\t\t\t\t\t<\/div>\n\t\t\t\t<\/div>\n\t\t\t\t<\/div>\n\t\t<div class=\"elementor-element elementor-element-1023056 e-con-full e-flex e-con e-child\" data-id=\"1023056\" data-element_type=\"container\" data-e-type=\"container\">\n\t\t\t\t<div class=\"elementor-element elementor-element-788c6af elementor-widget elementor-widget-heading\" data-id=\"788c6af\" data-element_type=\"widget\" data-e-type=\"widget\" data-widget_type=\"heading.default\">\n\t\t\t\t<div class=\"elementor-widget-container\">\n\t\t\t\t\t<h2 class=\"elementor-heading-title elementor-size-default\">PIAAC 2023<\/h2>\t\t\t\t<\/div>\n\t\t\t\t<\/div>\n\t\t\t\t<div class=\"elementor-element elementor-element-0c3cd6c elementor-widget elementor-widget-text-editor\" data-id=\"0c3cd6c\" data-element_type=\"widget\" data-e-type=\"widget\" data-widget_type=\"text-editor.default\">\n\t\t\t\t<div class=\"elementor-widget-container\">\n\t\t\t\t\t\t\t\t\t<h3>Programa per a l&#8217;Avaluaci\u00f3 Internacional de les Compet\u00e8ncies dels Adults. Informe Fran\u00e7a<\/h3>\t\t\t\t\t\t\t\t<\/div>\n\t\t\t\t<\/div>\n\t\t\t\t<div class=\"elementor-element elementor-element-e6b8272 elementor-align-center elementor-widget elementor-widget-button\" data-id=\"e6b8272\" data-element_type=\"widget\" data-e-type=\"widget\" data-widget_type=\"button.default\">\n\t\t\t\t<div class=\"elementor-widget-container\">\n\t\t\t\t\t\t\t\t\t<div class=\"elementor-button-wrapper\">\n\t\t\t\t\t<a class=\"elementor-button elementor-button-link elementor-size-sm\" href=\"https:\/\/www.oecd.org\/en\/publications\/survey-of-adults-skills-2023-country-notes_ab4f6b8c-en\/france_09034ae3-en.html\" target=\"_blank\">\n\t\t\t\t\t\t<span class=\"elementor-button-content-wrapper\">\n\t\t\t\t\t\t\t\t\t<span class=\"elementor-button-text\">Accedir<\/span>\n\t\t\t\t\t<\/span>\n\t\t\t\t\t<\/a>\n\t\t\t\t<\/div>\n\t\t\t\t\t\t\t\t<\/div>\n\t\t\t\t<\/div>\n\t\t\t\t<\/div>\n\t\t\t\t\t<\/div>\n\t\t\t\t<\/div>\n\t\t\t\t<\/div>\n\t\t","protected":false},"excerpt":{"rendered":"<p>PISA 2022 Programa per a l&#8217;Avaluaci\u00f3 Internacional dels Estudiants. Informe Fran\u00e7a Accedir PIRLS 2021 Estudi Internacional de Progr\u00e9s en Comprensi\u00f3 Lectora. Informe Fran\u00e7a Accedir TIMSS 2023 Estudi Internacional de Tend\u00e8ncies en Matem\u00e0tiques i Ci\u00e8ncies. \u00a0Informe Fran\u00e7a Accedir PIAAC 2023 Programa per a l&#8217;Avaluaci\u00f3 Internacional de les Compet\u00e8ncies dels Adults. Informe Fran\u00e7a Accedir<\/p>\n","protected":false},"author":4,"featured_media":0,"parent":0,"menu_order":0,"comment_status":"closed","ping_status":"closed","template":"","meta":{"_FSMCFIC_featured_image_caption":"","_FSMCFIC_featured_image_nocaption":"","_FSMCFIC_featured_image_hide":"","footnotes":""},"class_list":["post-12764","page","type-page","status-publish","hentry"],"yoast_head":"<!-- This site is optimized with the Yoast SEO plugin v27.4 - https:\/\/yoast.com\/product\/yoast-seo-wordpress\/ -->\n<title>Estudis \u2022 Fran\u00e7a - Educational Evidence<\/title>\n<meta name=\"robots\" content=\"index, follow, max-snippet:-1, max-image-preview:large, max-video-preview:-1\" \/>\n<link rel=\"canonical\" href=\"https:\/\/educationalevidence.com\/ca\/estudis-franca\/\" \/>\n<meta property=\"og:locale\" content=\"ca_ES\" \/>\n<meta property=\"og:type\" content=\"article\" \/>\n<meta property=\"og:title\" content=\"Estudis \u2022 Fran\u00e7a - Educational Evidence\" \/>\n<meta property=\"og:description\" content=\"PISA 2022 Programa per a l&#8217;Avaluaci\u00f3 Internacional dels Estudiants. Informe Fran\u00e7a Accedir PIRLS 2021 Estudi Internacional de Progr\u00e9s en Comprensi\u00f3 Lectora. Informe Fran\u00e7a Accedir TIMSS 2023 Estudi Internacional de Tend\u00e8ncies en Matem\u00e0tiques i Ci\u00e8ncies. \u00a0Informe Fran\u00e7a Accedir PIAAC 2023 Programa per a l&#8217;Avaluaci\u00f3 Internacional de les Compet\u00e8ncies dels Adults. Informe Fran\u00e7a Accedir\" \/>\n<meta property=\"og:url\" content=\"https:\/\/educationalevidence.com\/ca\/estudis-franca\/\" \/>\n<meta property=\"og:site_name\" content=\"Educational Evidence\" \/>\n<meta property=\"article:modified_time\" content=\"2025-01-29T09:39:31+00:00\" \/>\n<meta property=\"og:image\" content=\"https:\/\/educationalevidence.com\/wp-content\/uploads\/2024\/04\/PISA-2022.jpg\" \/>\n\t<meta property=\"og:image:width\" content=\"741\" \/>\n\t<meta property=\"og:image:height\" content=\"999\" \/>\n\t<meta property=\"og:image:type\" content=\"image\/jpeg\" \/>\n<meta name=\"twitter:card\" content=\"summary_large_image\" \/>\n<meta name=\"twitter:label1\" content=\"Temps estimat de lectura\" \/>\n\t<meta name=\"twitter:data1\" content=\"2 minuts\" \/>\n<script type=\"application\/ld+json\" class=\"yoast-schema-graph\">{\"@context\":\"https:\\\/\\\/schema.org\",\"@graph\":[{\"@type\":\"WebPage\",\"@id\":\"https:\\\/\\\/educationalevidence.com\\\/ca\\\/estudis-franca\\\/\",\"url\":\"https:\\\/\\\/educationalevidence.com\\\/ca\\\/estudis-franca\\\/\",\"name\":\"Estudis \u2022 Fran\u00e7a - Educational Evidence\",\"isPartOf\":{\"@id\":\"https:\\\/\\\/educationalevidence.com\\\/ca\\\/#website\"},\"primaryImageOfPage\":{\"@id\":\"https:\\\/\\\/educationalevidence.com\\\/ca\\\/estudis-franca\\\/#primaryimage\"},\"image\":{\"@id\":\"https:\\\/\\\/educationalevidence.com\\\/ca\\\/estudis-franca\\\/#primaryimage\"},\"thumbnailUrl\":\"https:\\\/\\\/educationalevidence.com\\\/wp-content\\\/uploads\\\/2024\\\/04\\\/PISA-2022.jpg\",\"datePublished\":\"2024-01-11T22:56:54+00:00\",\"dateModified\":\"2025-01-29T09:39:31+00:00\",\"breadcrumb\":{\"@id\":\"https:\\\/\\\/educationalevidence.com\\\/ca\\\/estudis-franca\\\/#breadcrumb\"},\"inLanguage\":\"ca\",\"potentialAction\":[{\"@type\":\"ReadAction\",\"target\":[\"https:\\\/\\\/educationalevidence.com\\\/ca\\\/estudis-franca\\\/\"]}]},{\"@type\":\"ImageObject\",\"inLanguage\":\"ca\",\"@id\":\"https:\\\/\\\/educationalevidence.com\\\/ca\\\/estudis-franca\\\/#primaryimage\",\"url\":\"https:\\\/\\\/educationalevidence.com\\\/wp-content\\\/uploads\\\/2024\\\/04\\\/PISA-2022.jpg\",\"contentUrl\":\"https:\\\/\\\/educationalevidence.com\\\/wp-content\\\/uploads\\\/2024\\\/04\\\/PISA-2022.jpg\"},{\"@type\":\"BreadcrumbList\",\"@id\":\"https:\\\/\\\/educationalevidence.com\\\/ca\\\/estudis-franca\\\/#breadcrumb\",\"itemListElement\":[{\"@type\":\"ListItem\",\"position\":1,\"name\":\"Portada\",\"item\":\"https:\\\/\\\/educationalevidence.com\\\/ca\\\/\"},{\"@type\":\"ListItem\",\"position\":2,\"name\":\"Estudis \u2022 Fran\u00e7a\"}]},{\"@type\":\"WebSite\",\"@id\":\"https:\\\/\\\/educationalevidence.com\\\/ca\\\/#website\",\"url\":\"https:\\\/\\\/educationalevidence.com\\\/ca\\\/\",\"name\":\"Educational Evidence\",\"description\":\"\",\"publisher\":{\"@id\":\"https:\\\/\\\/educationalevidence.com\\\/ca\\\/#organization\"},\"potentialAction\":[{\"@type\":\"SearchAction\",\"target\":{\"@type\":\"EntryPoint\",\"urlTemplate\":\"https:\\\/\\\/educationalevidence.com\\\/ca\\\/?s={search_term_string}\"},\"query-input\":{\"@type\":\"PropertyValueSpecification\",\"valueRequired\":true,\"valueName\":\"search_term_string\"}}],\"inLanguage\":\"ca\"},{\"@type\":\"Organization\",\"@id\":\"https:\\\/\\\/educationalevidence.com\\\/ca\\\/#organization\",\"name\":\"Educational Evidence\",\"url\":\"https:\\\/\\\/educationalevidence.com\\\/ca\\\/\",\"logo\":{\"@type\":\"ImageObject\",\"inLanguage\":\"ca\",\"@id\":\"https:\\\/\\\/educationalevidence.com\\\/ca\\\/#\\\/schema\\\/logo\\\/image\\\/\",\"url\":\"https:\\\/\\\/educationalevidence.com\\\/wp-content\\\/uploads\\\/2023\\\/07\\\/educational_evidence_logo_horitzontal_blanc_negatiu.png\",\"contentUrl\":\"https:\\\/\\\/educationalevidence.com\\\/wp-content\\\/uploads\\\/2023\\\/07\\\/educational_evidence_logo_horitzontal_blanc_negatiu.png\",\"width\":3508,\"height\":1090,\"caption\":\"Educational Evidence\"},\"image\":{\"@id\":\"https:\\\/\\\/educationalevidence.com\\\/ca\\\/#\\\/schema\\\/logo\\\/image\\\/\"}}]}<\/script>\n<!-- \/ Yoast SEO plugin. -->","yoast_head_json":{"title":"Estudis \u2022 Fran\u00e7a - Educational Evidence","robots":{"index":"index","follow":"follow","max-snippet":"max-snippet:-1","max-image-preview":"max-image-preview:large","max-video-preview":"max-video-preview:-1"},"canonical":"https:\/\/educationalevidence.com\/ca\/estudis-franca\/","og_locale":"ca_ES","og_type":"article","og_title":"Estudis \u2022 Fran\u00e7a - Educational Evidence","og_description":"PISA 2022 Programa per a l&#8217;Avaluaci\u00f3 Internacional dels Estudiants. Informe Fran\u00e7a Accedir PIRLS 2021 Estudi Internacional de Progr\u00e9s en Comprensi\u00f3 Lectora. Informe Fran\u00e7a Accedir TIMSS 2023 Estudi Internacional de Tend\u00e8ncies en Matem\u00e0tiques i Ci\u00e8ncies. \u00a0Informe Fran\u00e7a Accedir PIAAC 2023 Programa per a l&#8217;Avaluaci\u00f3 Internacional de les Compet\u00e8ncies dels Adults. Informe Fran\u00e7a Accedir","og_url":"https:\/\/educationalevidence.com\/ca\/estudis-franca\/","og_site_name":"Educational Evidence","article_modified_time":"2025-01-29T09:39:31+00:00","og_image":[{"width":741,"height":999,"url":"https:\/\/educationalevidence.com\/wp-content\/uploads\/2024\/04\/PISA-2022.jpg","type":"image\/jpeg"}],"twitter_card":"summary_large_image","twitter_misc":{"Temps estimat de lectura":"2 minuts"},"schema":{"@context":"https:\/\/schema.org","@graph":[{"@type":"WebPage","@id":"https:\/\/educationalevidence.com\/ca\/estudis-franca\/","url":"https:\/\/educationalevidence.com\/ca\/estudis-franca\/","name":"Estudis \u2022 Fran\u00e7a - Educational Evidence","isPartOf":{"@id":"https:\/\/educationalevidence.com\/ca\/#website"},"primaryImageOfPage":{"@id":"https:\/\/educationalevidence.com\/ca\/estudis-franca\/#primaryimage"},"image":{"@id":"https:\/\/educationalevidence.com\/ca\/estudis-franca\/#primaryimage"},"thumbnailUrl":"https:\/\/educationalevidence.com\/wp-content\/uploads\/2024\/04\/PISA-2022.jpg","datePublished":"2024-01-11T22:56:54+00:00","dateModified":"2025-01-29T09:39:31+00:00","breadcrumb":{"@id":"https:\/\/educationalevidence.com\/ca\/estudis-franca\/#breadcrumb"},"inLanguage":"ca","potentialAction":[{"@type":"ReadAction","target":["https:\/\/educationalevidence.com\/ca\/estudis-franca\/"]}]},{"@type":"ImageObject","inLanguage":"ca","@id":"https:\/\/educationalevidence.com\/ca\/estudis-franca\/#primaryimage","url":"https:\/\/educationalevidence.com\/wp-content\/uploads\/2024\/04\/PISA-2022.jpg","contentUrl":"https:\/\/educationalevidence.com\/wp-content\/uploads\/2024\/04\/PISA-2022.jpg"},{"@type":"BreadcrumbList","@id":"https:\/\/educationalevidence.com\/ca\/estudis-franca\/#breadcrumb","itemListElement":[{"@type":"ListItem","position":1,"name":"Portada","item":"https:\/\/educationalevidence.com\/ca\/"},{"@type":"ListItem","position":2,"name":"Estudis \u2022 Fran\u00e7a"}]},{"@type":"WebSite","@id":"https:\/\/educationalevidence.com\/ca\/#website","url":"https:\/\/educationalevidence.com\/ca\/","name":"Educational Evidence","description":"","publisher":{"@id":"https:\/\/educationalevidence.com\/ca\/#organization"},"potentialAction":[{"@type":"SearchAction","target":{"@type":"EntryPoint","urlTemplate":"https:\/\/educationalevidence.com\/ca\/?s={search_term_string}"},"query-input":{"@type":"PropertyValueSpecification","valueRequired":true,"valueName":"search_term_string"}}],"inLanguage":"ca"},{"@type":"Organization","@id":"https:\/\/educationalevidence.com\/ca\/#organization","name":"Educational Evidence","url":"https:\/\/educationalevidence.com\/ca\/","logo":{"@type":"ImageObject","inLanguage":"ca","@id":"https:\/\/educationalevidence.com\/ca\/#\/schema\/logo\/image\/","url":"https:\/\/educationalevidence.com\/wp-content\/uploads\/2023\/07\/educational_evidence_logo_horitzontal_blanc_negatiu.png","contentUrl":"https:\/\/educationalevidence.com\/wp-content\/uploads\/2023\/07\/educational_evidence_logo_horitzontal_blanc_negatiu.png","width":3508,"height":1090,"caption":"Educational Evidence"},"image":{"@id":"https:\/\/educationalevidence.com\/ca\/#\/schema\/logo\/image\/"}}]}},"_links":{"self":[{"href":"https:\/\/educationalevidence.com\/ca\/wp-json\/wp\/v2\/pages\/12764","targetHints":{"allow":["GET"]}}],"collection":[{"href":"https:\/\/educationalevidence.com\/ca\/wp-json\/wp\/v2\/pages"}],"about":[{"href":"https:\/\/educationalevidence.com\/ca\/wp-json\/wp\/v2\/types\/page"}],"author":[{"embeddable":true,"href":"https:\/\/educationalevidence.com\/ca\/wp-json\/wp\/v2\/users\/4"}],"replies":[{"embeddable":true,"href":"https:\/\/educationalevidence.com\/ca\/wp-json\/wp\/v2\/comments?post=12764"}],"version-history":[{"count":14,"href":"https:\/\/educationalevidence.com\/ca\/wp-json\/wp\/v2\/pages\/12764\/revisions"}],"predecessor-version":[{"id":24104,"href":"https:\/\/educationalevidence.com\/ca\/wp-json\/wp\/v2\/pages\/12764\/revisions\/24104"}],"wp:attachment":[{"href":"https:\/\/educationalevidence.com\/ca\/wp-json\/wp\/v2\/media?parent=12764"}],"curies":[{"name":"wp","href":"https:\/\/api.w.org\/{rel}","templated":true}]}}