{"id":11720,"date":"2023-05-12T13:24:19","date_gmt":"2023-05-12T11:24:19","guid":{"rendered":"https:\/\/educationalevidence.com\/?page_id=11720"},"modified":"2024-04-09T13:11:26","modified_gmt":"2024-04-09T11:11:26","slug":"estudis-espanya","status":"publish","type":"page","link":"https:\/\/educationalevidence.com\/ca\/estudis-espanya\/","title":{"rendered":"Estudis \u2022 Espanya"},"content":{"rendered":"\t\t<div data-elementor-type=\"wp-page\" data-elementor-id=\"11720\" class=\"elementor elementor-11720 elementor-8415\">\n\t\t\t\t<div class=\"elementor-element elementor-element-2a6b386 e-flex e-con-boxed e-con e-parent\" data-id=\"2a6b386\" data-element_type=\"container\" data-e-type=\"container\">\n\t\t\t\t\t<div class=\"e-con-inner\">\n\t\t<div class=\"elementor-element elementor-element-3ddb95a e-con-full e-flex e-con e-child\" data-id=\"3ddb95a\" data-element_type=\"container\" data-e-type=\"container\">\n\t\t\t\t<div class=\"elementor-element elementor-element-b29c519 elementor-widget elementor-widget-image\" data-id=\"b29c519\" data-element_type=\"widget\" data-e-type=\"widget\" data-widget_type=\"image.default\">\n\t\t\t\t<div class=\"elementor-widget-container\">\n\t\t\t\t\t\t\t\t\t\t\t\t\t\t\t<img fetchpriority=\"high\" decoding=\"async\" width=\"213\" height=\"300\" src=\"https:\/\/educationalevidence.com\/wp-content\/uploads\/2024\/01\/PISA-2022_ES_photo-213x300-1.jpg\" class=\"attachment-large size-large wp-image-12228\" alt=\"\" \/>\t\t\t\t\t\t\t\t\t\t\t\t\t\t\t<\/div>\n\t\t\t\t<\/div>\n\t\t\t\t<\/div>\n\t\t<div class=\"elementor-element elementor-element-e12a6be e-con-full e-flex e-con e-child\" data-id=\"e12a6be\" data-element_type=\"container\" data-e-type=\"container\">\n\t\t\t\t<div class=\"elementor-element elementor-element-44b28b1 elementor-widget elementor-widget-heading\" data-id=\"44b28b1\" data-element_type=\"widget\" data-e-type=\"widget\" data-widget_type=\"heading.default\">\n\t\t\t\t<div class=\"elementor-widget-container\">\n\t\t\t\t\t<h3 class=\"elementor-heading-title elementor-size-default\">PISA 2022. Programa per a l'Avaluaci\u00f3 Internacional dels Estudiants. Informe Espanya<\/h3>\t\t\t\t<\/div>\n\t\t\t\t<\/div>\n\t\t\t\t<div class=\"elementor-element elementor-element-176cad2 elementor-align-center elementor-widget elementor-widget-button\" data-id=\"176cad2\" data-element_type=\"widget\" data-e-type=\"widget\" data-widget_type=\"button.default\">\n\t\t\t\t<div class=\"elementor-widget-container\">\n\t\t\t\t\t\t\t\t\t<div class=\"elementor-button-wrapper\">\n\t\t\t\t\t<a class=\"elementor-button elementor-button-link elementor-size-sm\" href=\"https:\/\/www.educacionfpydeportes.gob.es\/dam\/jcr:91f26ac3-0a3b-4efa-b2ce-a5d791229f4d\/pisa-2022-informe-completo-digital-low.pdf\" target=\"_blank\">\n\t\t\t\t\t\t<span class=\"elementor-button-content-wrapper\">\n\t\t\t\t\t\t\t\t\t<span class=\"elementor-button-text\">Accedir<\/span>\n\t\t\t\t\t<\/span>\n\t\t\t\t\t<\/a>\n\t\t\t\t<\/div>\n\t\t\t\t\t\t\t\t<\/div>\n\t\t\t\t<\/div>\n\t\t\t\t<\/div>\n\t\t\t\t\t<\/div>\n\t\t\t\t<\/div>\n\t\t<div class=\"elementor-element elementor-element-0d6292f e-flex e-con-boxed e-con e-parent\" data-id=\"0d6292f\" data-element_type=\"container\" data-e-type=\"container\">\n\t\t\t\t\t<div class=\"e-con-inner\">\n\t\t<div class=\"elementor-element elementor-element-06d07a5 e-con-full e-flex e-con e-child\" data-id=\"06d07a5\" data-element_type=\"container\" data-e-type=\"container\">\n\t\t\t\t<div class=\"elementor-element elementor-element-7ddfb0e elementor-widget elementor-widget-image\" data-id=\"7ddfb0e\" data-element_type=\"widget\" data-e-type=\"widget\" data-widget_type=\"image.default\">\n\t\t\t\t<div class=\"elementor-widget-container\">\n\t\t\t\t\t\t\t\t\t\t\t\t\t\t\t<img decoding=\"async\" width=\"500\" height=\"707\" src=\"https:\/\/educationalevidence.com\/wp-content\/uploads\/2024\/04\/PIRLS-2021-2.jpg\" class=\"attachment-large size-large wp-image-14496\" alt=\"\" srcset=\"https:\/\/educationalevidence.com\/wp-content\/uploads\/2024\/04\/PIRLS-2021-2.jpg 500w, https:\/\/educationalevidence.com\/wp-content\/uploads\/2024\/04\/PIRLS-2021-2-212x300.jpg 212w\" sizes=\"(max-width: 500px) 100vw, 500px\" \/>\t\t\t\t\t\t\t\t\t\t\t\t\t\t\t<\/div>\n\t\t\t\t<\/div>\n\t\t\t\t<\/div>\n\t\t<div class=\"elementor-element elementor-element-73e4701 e-con-full e-flex e-con e-child\" data-id=\"73e4701\" data-element_type=\"container\" data-e-type=\"container\">\n\t\t\t\t<div class=\"elementor-element elementor-element-2033ac5 elementor-widget elementor-widget-heading\" data-id=\"2033ac5\" data-element_type=\"widget\" data-e-type=\"widget\" data-widget_type=\"heading.default\">\n\t\t\t\t<div class=\"elementor-widget-container\">\n\t\t\t\t\t<h3 class=\"elementor-heading-title elementor-size-default\">PIRLS 2021. Estudi Internacional de Progr\u00e9s en Comprensi\u00f3 Lectora. Informe Espanya<\/h3>\t\t\t\t<\/div>\n\t\t\t\t<\/div>\n\t\t\t\t<div class=\"elementor-element elementor-element-059cbdd elementor-align-center elementor-widget elementor-widget-button\" data-id=\"059cbdd\" data-element_type=\"widget\" data-e-type=\"widget\" data-widget_type=\"button.default\">\n\t\t\t\t<div class=\"elementor-widget-container\">\n\t\t\t\t\t\t\t\t\t<div class=\"elementor-button-wrapper\">\n\t\t\t\t\t<a class=\"elementor-button elementor-button-link elementor-size-sm\" href=\"https:\/\/www.libreria.educacion.gob.es\/libro\/pirls-2021-estudio-internacional-de-progreso-en-comprension-lectora-informe-espanol_179987\/\" target=\"_blank\">\n\t\t\t\t\t\t<span class=\"elementor-button-content-wrapper\">\n\t\t\t\t\t\t\t\t\t<span class=\"elementor-button-text\">Accedir<\/span>\n\t\t\t\t\t<\/span>\n\t\t\t\t\t<\/a>\n\t\t\t\t<\/div>\n\t\t\t\t\t\t\t\t<\/div>\n\t\t\t\t<\/div>\n\t\t\t\t<\/div>\n\t\t\t\t\t<\/div>\n\t\t\t\t<\/div>\n\t\t<div class=\"elementor-element elementor-element-84b6da9 e-flex e-con-boxed e-con e-parent\" data-id=\"84b6da9\" data-element_type=\"container\" data-e-type=\"container\">\n\t\t\t\t\t<div class=\"e-con-inner\">\n\t\t<div class=\"elementor-element elementor-element-6b59aa1 e-con-full e-flex e-con e-child\" data-id=\"6b59aa1\" data-element_type=\"container\" data-e-type=\"container\">\n\t\t\t\t<div class=\"elementor-element elementor-element-8044b0d elementor-widget elementor-widget-image\" data-id=\"8044b0d\" data-element_type=\"widget\" data-e-type=\"widget\" data-widget_type=\"image.default\">\n\t\t\t\t<div class=\"elementor-widget-container\">\n\t\t\t\t\t\t\t\t\t\t\t\t\t\t\t<img decoding=\"async\" width=\"500\" height=\"707\" src=\"https:\/\/educationalevidence.com\/wp-content\/uploads\/2024\/04\/TIMSS-ES_500-1.jpg\" class=\"attachment-large size-large wp-image-14048\" alt=\"\" srcset=\"https:\/\/educationalevidence.com\/wp-content\/uploads\/2024\/04\/TIMSS-ES_500-1.jpg 500w, https:\/\/educationalevidence.com\/wp-content\/uploads\/2024\/04\/TIMSS-ES_500-1-212x300.jpg 212w\" sizes=\"(max-width: 500px) 100vw, 500px\" \/>\t\t\t\t\t\t\t\t\t\t\t\t\t\t\t<\/div>\n\t\t\t\t<\/div>\n\t\t\t\t<\/div>\n\t\t<div class=\"elementor-element elementor-element-b860eea e-con-full e-flex e-con e-child\" data-id=\"b860eea\" data-element_type=\"container\" data-e-type=\"container\">\n\t\t\t\t<div class=\"elementor-element elementor-element-7a98b88 elementor-widget elementor-widget-heading\" data-id=\"7a98b88\" data-element_type=\"widget\" data-e-type=\"widget\" data-widget_type=\"heading.default\">\n\t\t\t\t<div class=\"elementor-widget-container\">\n\t\t\t\t\t<h3 class=\"elementor-heading-title elementor-size-default\">TIMSS 2019. Estudi Internacional de Tend\u00e8ncies en Matem\u00e0tiques i Ci\u00e8ncies. Informe Espanya<\/h3>\t\t\t\t<\/div>\n\t\t\t\t<\/div>\n\t\t\t\t<div class=\"elementor-element elementor-element-16c6024 elementor-align-center elementor-widget elementor-widget-button\" data-id=\"16c6024\" data-element_type=\"widget\" data-e-type=\"widget\" data-widget_type=\"button.default\">\n\t\t\t\t<div class=\"elementor-widget-container\">\n\t\t\t\t\t\t\t\t\t<div class=\"elementor-button-wrapper\">\n\t\t\t\t\t<a class=\"elementor-button elementor-button-link elementor-size-sm\" href=\"https:\/\/www.libreria.educacion.gob.es\/libro\/timss-2019-estudio-internacional-de-tendencias-en-matematicas-y-ciencias-informe-espanol_170122\/edicion\/pdf-184025\/\" target=\"_blank\">\n\t\t\t\t\t\t<span class=\"elementor-button-content-wrapper\">\n\t\t\t\t\t\t\t\t\t<span class=\"elementor-button-text\">Accedir<\/span>\n\t\t\t\t\t<\/span>\n\t\t\t\t\t<\/a>\n\t\t\t\t<\/div>\n\t\t\t\t\t\t\t\t<\/div>\n\t\t\t\t<\/div>\n\t\t\t\t<\/div>\n\t\t\t\t\t<\/div>\n\t\t\t\t<\/div>\n\t\t<div class=\"elementor-element elementor-element-50ff497 e-flex e-con-boxed e-con e-parent\" data-id=\"50ff497\" data-element_type=\"container\" data-e-type=\"container\">\n\t\t\t\t\t<div class=\"e-con-inner\">\n\t\t<div class=\"elementor-element elementor-element-2d1b87d e-con-full e-flex e-con e-child\" data-id=\"2d1b87d\" data-element_type=\"container\" data-e-type=\"container\">\n\t\t\t\t<div class=\"elementor-element elementor-element-64765c3 elementor-widget elementor-widget-image\" data-id=\"64765c3\" data-element_type=\"widget\" data-e-type=\"widget\" data-widget_type=\"image.default\">\n\t\t\t\t<div class=\"elementor-widget-container\">\n\t\t\t\t\t\t\t\t\t\t\t\t\t\t\t<img loading=\"lazy\" decoding=\"async\" width=\"750\" height=\"1024\" src=\"https:\/\/educationalevidence.com\/wp-content\/uploads\/2024\/04\/PIAAC_Competencias_Poblacion_Adulta_Educacion_Formacion_Lectura_Matematicas-ES-750x1024.jpg\" class=\"attachment-large size-large wp-image-14062\" alt=\"\" srcset=\"https:\/\/educationalevidence.com\/wp-content\/uploads\/2024\/04\/PIAAC_Competencias_Poblacion_Adulta_Educacion_Formacion_Lectura_Matematicas-ES-750x1024.jpg 750w, https:\/\/educationalevidence.com\/wp-content\/uploads\/2024\/04\/PIAAC_Competencias_Poblacion_Adulta_Educacion_Formacion_Lectura_Matematicas-ES-220x300.jpg 220w, https:\/\/educationalevidence.com\/wp-content\/uploads\/2024\/04\/PIAAC_Competencias_Poblacion_Adulta_Educacion_Formacion_Lectura_Matematicas-ES-768x1048.jpg 768w, https:\/\/educationalevidence.com\/wp-content\/uploads\/2024\/04\/PIAAC_Competencias_Poblacion_Adulta_Educacion_Formacion_Lectura_Matematicas-ES.jpg 1000w\" sizes=\"(max-width: 750px) 100vw, 750px\" \/>\t\t\t\t\t\t\t\t\t\t\t\t\t\t\t<\/div>\n\t\t\t\t<\/div>\n\t\t\t\t<\/div>\n\t\t<div class=\"elementor-element elementor-element-5b54382 e-con-full e-flex e-con e-child\" data-id=\"5b54382\" data-element_type=\"container\" data-e-type=\"container\">\n\t\t\t\t<div class=\"elementor-element elementor-element-e7d9f3b elementor-widget elementor-widget-heading\" data-id=\"e7d9f3b\" data-element_type=\"widget\" data-e-type=\"widget\" data-widget_type=\"heading.default\">\n\t\t\t\t<div class=\"elementor-widget-container\">\n\t\t\t\t\t<h3 class=\"elementor-heading-title elementor-size-default\">PIAAC 2013. Programa per a l'Avaluaci\u00f3 Internacional de les Compet\u00e8ncies dels Adults. Informe Espanya<\/h3>\t\t\t\t<\/div>\n\t\t\t\t<\/div>\n\t\t\t\t<div class=\"elementor-element elementor-element-a46d0b8 elementor-align-center elementor-widget elementor-widget-button\" data-id=\"a46d0b8\" data-element_type=\"widget\" data-e-type=\"widget\" data-widget_type=\"button.default\">\n\t\t\t\t<div class=\"elementor-widget-container\">\n\t\t\t\t\t\t\t\t\t<div class=\"elementor-button-wrapper\">\n\t\t\t\t\t<a class=\"elementor-button elementor-button-link elementor-size-sm\" href=\"https:\/\/www.educacionfpydeportes.gob.es\/dam\/jcr:ebec3795-6a04-4220-87f4-b2e62de0d3de\/piaac-presentacion.pdf\" target=\"_blank\">\n\t\t\t\t\t\t<span class=\"elementor-button-content-wrapper\">\n\t\t\t\t\t\t\t\t\t<span class=\"elementor-button-text\">Accedir<\/span>\n\t\t\t\t\t<\/span>\n\t\t\t\t\t<\/a>\n\t\t\t\t<\/div>\n\t\t\t\t\t\t\t\t<\/div>\n\t\t\t\t<\/div>\n\t\t\t\t<\/div>\n\t\t\t\t\t<\/div>\n\t\t\t\t<\/div>\n\t\t\t\t<\/div>\n\t\t","protected":false},"excerpt":{"rendered":"<p>PISA 2022. Programa per a l&#8217;Avaluaci\u00f3 Internacional dels Estudiants. Informe Espanya Accedir PIRLS 2021. Estudi Internacional de Progr\u00e9s en Comprensi\u00f3 Lectora. Informe Espanya Accedir TIMSS 2019. Estudi Internacional de Tend\u00e8ncies en Matem\u00e0tiques i Ci\u00e8ncies. Informe Espanya Accedir PIAAC 2013. Programa per a l&#8217;Avaluaci\u00f3 Internacional de les Compet\u00e8ncies dels Adults. Informe Espanya Accedir<\/p>\n","protected":false},"author":1,"featured_media":0,"parent":0,"menu_order":0,"comment_status":"closed","ping_status":"closed","template":"","meta":{"_FSMCFIC_featured_image_caption":"","_FSMCFIC_featured_image_nocaption":"","_FSMCFIC_featured_image_hide":"","footnotes":""},"class_list":["post-11720","page","type-page","status-publish","hentry"],"yoast_head":"<!-- This site is optimized with the Yoast SEO plugin v27.4 - https:\/\/yoast.com\/product\/yoast-seo-wordpress\/ -->\n<title>Estudis \u2022 Espanya - Educational Evidence<\/title>\n<meta name=\"robots\" content=\"index, follow, max-snippet:-1, max-image-preview:large, max-video-preview:-1\" \/>\n<link rel=\"canonical\" href=\"https:\/\/educationalevidence.com\/ca\/estudis-espanya\/\" \/>\n<meta property=\"og:locale\" content=\"ca_ES\" \/>\n<meta property=\"og:type\" content=\"article\" \/>\n<meta property=\"og:title\" content=\"Estudis \u2022 Espanya - Educational Evidence\" \/>\n<meta property=\"og:description\" content=\"PISA 2022. Programa per a l&#8217;Avaluaci\u00f3 Internacional dels Estudiants. Informe Espanya Accedir PIRLS 2021. Estudi Internacional de Progr\u00e9s en Comprensi\u00f3 Lectora. Informe Espanya Accedir TIMSS 2019. Estudi Internacional de Tend\u00e8ncies en Matem\u00e0tiques i Ci\u00e8ncies. Informe Espanya Accedir PIAAC 2013. Programa per a l&#8217;Avaluaci\u00f3 Internacional de les Compet\u00e8ncies dels Adults. Informe Espanya Accedir\" \/>\n<meta property=\"og:url\" content=\"https:\/\/educationalevidence.com\/ca\/estudis-espanya\/\" \/>\n<meta property=\"og:site_name\" content=\"Educational Evidence\" \/>\n<meta property=\"article:modified_time\" content=\"2024-04-09T11:11:26+00:00\" \/>\n<meta property=\"og:image\" content=\"http:\/\/educationalevidence.com\/wp-content\/uploads\/2024\/01\/PISA-2022_ES_photo-213x300-1.jpg\" \/>\n<meta name=\"twitter:card\" content=\"summary_large_image\" \/>\n<meta name=\"twitter:label1\" content=\"Temps estimat de lectura\" \/>\n\t<meta name=\"twitter:data1\" content=\"2 minuts\" \/>\n<script type=\"application\/ld+json\" class=\"yoast-schema-graph\">{\"@context\":\"https:\\\/\\\/schema.org\",\"@graph\":[{\"@type\":\"WebPage\",\"@id\":\"https:\\\/\\\/educationalevidence.com\\\/ca\\\/estudis-espanya\\\/\",\"url\":\"https:\\\/\\\/educationalevidence.com\\\/ca\\\/estudis-espanya\\\/\",\"name\":\"Estudis \u2022 Espanya - Educational Evidence\",\"isPartOf\":{\"@id\":\"https:\\\/\\\/educationalevidence.com\\\/ca\\\/#website\"},\"primaryImageOfPage\":{\"@id\":\"https:\\\/\\\/educationalevidence.com\\\/ca\\\/estudis-espanya\\\/#primaryimage\"},\"image\":{\"@id\":\"https:\\\/\\\/educationalevidence.com\\\/ca\\\/estudis-espanya\\\/#primaryimage\"},\"thumbnailUrl\":\"http:\\\/\\\/educationalevidence.com\\\/wp-content\\\/uploads\\\/2024\\\/01\\\/PISA-2022_ES_photo-213x300-1.jpg\",\"datePublished\":\"2023-05-12T11:24:19+00:00\",\"dateModified\":\"2024-04-09T11:11:26+00:00\",\"breadcrumb\":{\"@id\":\"https:\\\/\\\/educationalevidence.com\\\/ca\\\/estudis-espanya\\\/#breadcrumb\"},\"inLanguage\":\"ca\",\"potentialAction\":[{\"@type\":\"ReadAction\",\"target\":[\"https:\\\/\\\/educationalevidence.com\\\/ca\\\/estudis-espanya\\\/\"]}]},{\"@type\":\"ImageObject\",\"inLanguage\":\"ca\",\"@id\":\"https:\\\/\\\/educationalevidence.com\\\/ca\\\/estudis-espanya\\\/#primaryimage\",\"url\":\"http:\\\/\\\/educationalevidence.com\\\/wp-content\\\/uploads\\\/2024\\\/01\\\/PISA-2022_ES_photo-213x300-1.jpg\",\"contentUrl\":\"http:\\\/\\\/educationalevidence.com\\\/wp-content\\\/uploads\\\/2024\\\/01\\\/PISA-2022_ES_photo-213x300-1.jpg\"},{\"@type\":\"BreadcrumbList\",\"@id\":\"https:\\\/\\\/educationalevidence.com\\\/ca\\\/estudis-espanya\\\/#breadcrumb\",\"itemListElement\":[{\"@type\":\"ListItem\",\"position\":1,\"name\":\"Portada\",\"item\":\"https:\\\/\\\/educationalevidence.com\\\/ca\\\/\"},{\"@type\":\"ListItem\",\"position\":2,\"name\":\"Estudis \u2022 Espanya\"}]},{\"@type\":\"WebSite\",\"@id\":\"https:\\\/\\\/educationalevidence.com\\\/ca\\\/#website\",\"url\":\"https:\\\/\\\/educationalevidence.com\\\/ca\\\/\",\"name\":\"Educational Evidence\",\"description\":\"\",\"publisher\":{\"@id\":\"https:\\\/\\\/educationalevidence.com\\\/ca\\\/#organization\"},\"potentialAction\":[{\"@type\":\"SearchAction\",\"target\":{\"@type\":\"EntryPoint\",\"urlTemplate\":\"https:\\\/\\\/educationalevidence.com\\\/ca\\\/?s={search_term_string}\"},\"query-input\":{\"@type\":\"PropertyValueSpecification\",\"valueRequired\":true,\"valueName\":\"search_term_string\"}}],\"inLanguage\":\"ca\"},{\"@type\":\"Organization\",\"@id\":\"https:\\\/\\\/educationalevidence.com\\\/ca\\\/#organization\",\"name\":\"Educational Evidence\",\"url\":\"https:\\\/\\\/educationalevidence.com\\\/ca\\\/\",\"logo\":{\"@type\":\"ImageObject\",\"inLanguage\":\"ca\",\"@id\":\"https:\\\/\\\/educationalevidence.com\\\/ca\\\/#\\\/schema\\\/logo\\\/image\\\/\",\"url\":\"https:\\\/\\\/educationalevidence.com\\\/wp-content\\\/uploads\\\/2023\\\/07\\\/educational_evidence_logo_horitzontal_blanc_negatiu.png\",\"contentUrl\":\"https:\\\/\\\/educationalevidence.com\\\/wp-content\\\/uploads\\\/2023\\\/07\\\/educational_evidence_logo_horitzontal_blanc_negatiu.png\",\"width\":3508,\"height\":1090,\"caption\":\"Educational Evidence\"},\"image\":{\"@id\":\"https:\\\/\\\/educationalevidence.com\\\/ca\\\/#\\\/schema\\\/logo\\\/image\\\/\"}}]}<\/script>\n<!-- \/ Yoast SEO plugin. -->","yoast_head_json":{"title":"Estudis \u2022 Espanya - Educational Evidence","robots":{"index":"index","follow":"follow","max-snippet":"max-snippet:-1","max-image-preview":"max-image-preview:large","max-video-preview":"max-video-preview:-1"},"canonical":"https:\/\/educationalevidence.com\/ca\/estudis-espanya\/","og_locale":"ca_ES","og_type":"article","og_title":"Estudis \u2022 Espanya - Educational Evidence","og_description":"PISA 2022. Programa per a l&#8217;Avaluaci\u00f3 Internacional dels Estudiants. Informe Espanya Accedir PIRLS 2021. Estudi Internacional de Progr\u00e9s en Comprensi\u00f3 Lectora. Informe Espanya Accedir TIMSS 2019. Estudi Internacional de Tend\u00e8ncies en Matem\u00e0tiques i Ci\u00e8ncies. Informe Espanya Accedir PIAAC 2013. Programa per a l&#8217;Avaluaci\u00f3 Internacional de les Compet\u00e8ncies dels Adults. Informe Espanya Accedir","og_url":"https:\/\/educationalevidence.com\/ca\/estudis-espanya\/","og_site_name":"Educational Evidence","article_modified_time":"2024-04-09T11:11:26+00:00","og_image":[{"url":"http:\/\/educationalevidence.com\/wp-content\/uploads\/2024\/01\/PISA-2022_ES_photo-213x300-1.jpg","type":"","width":"","height":""}],"twitter_card":"summary_large_image","twitter_misc":{"Temps estimat de lectura":"2 minuts"},"schema":{"@context":"https:\/\/schema.org","@graph":[{"@type":"WebPage","@id":"https:\/\/educationalevidence.com\/ca\/estudis-espanya\/","url":"https:\/\/educationalevidence.com\/ca\/estudis-espanya\/","name":"Estudis \u2022 Espanya - Educational Evidence","isPartOf":{"@id":"https:\/\/educationalevidence.com\/ca\/#website"},"primaryImageOfPage":{"@id":"https:\/\/educationalevidence.com\/ca\/estudis-espanya\/#primaryimage"},"image":{"@id":"https:\/\/educationalevidence.com\/ca\/estudis-espanya\/#primaryimage"},"thumbnailUrl":"http:\/\/educationalevidence.com\/wp-content\/uploads\/2024\/01\/PISA-2022_ES_photo-213x300-1.jpg","datePublished":"2023-05-12T11:24:19+00:00","dateModified":"2024-04-09T11:11:26+00:00","breadcrumb":{"@id":"https:\/\/educationalevidence.com\/ca\/estudis-espanya\/#breadcrumb"},"inLanguage":"ca","potentialAction":[{"@type":"ReadAction","target":["https:\/\/educationalevidence.com\/ca\/estudis-espanya\/"]}]},{"@type":"ImageObject","inLanguage":"ca","@id":"https:\/\/educationalevidence.com\/ca\/estudis-espanya\/#primaryimage","url":"http:\/\/educationalevidence.com\/wp-content\/uploads\/2024\/01\/PISA-2022_ES_photo-213x300-1.jpg","contentUrl":"http:\/\/educationalevidence.com\/wp-content\/uploads\/2024\/01\/PISA-2022_ES_photo-213x300-1.jpg"},{"@type":"BreadcrumbList","@id":"https:\/\/educationalevidence.com\/ca\/estudis-espanya\/#breadcrumb","itemListElement":[{"@type":"ListItem","position":1,"name":"Portada","item":"https:\/\/educationalevidence.com\/ca\/"},{"@type":"ListItem","position":2,"name":"Estudis \u2022 Espanya"}]},{"@type":"WebSite","@id":"https:\/\/educationalevidence.com\/ca\/#website","url":"https:\/\/educationalevidence.com\/ca\/","name":"Educational Evidence","description":"","publisher":{"@id":"https:\/\/educationalevidence.com\/ca\/#organization"},"potentialAction":[{"@type":"SearchAction","target":{"@type":"EntryPoint","urlTemplate":"https:\/\/educationalevidence.com\/ca\/?s={search_term_string}"},"query-input":{"@type":"PropertyValueSpecification","valueRequired":true,"valueName":"search_term_string"}}],"inLanguage":"ca"},{"@type":"Organization","@id":"https:\/\/educationalevidence.com\/ca\/#organization","name":"Educational Evidence","url":"https:\/\/educationalevidence.com\/ca\/","logo":{"@type":"ImageObject","inLanguage":"ca","@id":"https:\/\/educationalevidence.com\/ca\/#\/schema\/logo\/image\/","url":"https:\/\/educationalevidence.com\/wp-content\/uploads\/2023\/07\/educational_evidence_logo_horitzontal_blanc_negatiu.png","contentUrl":"https:\/\/educationalevidence.com\/wp-content\/uploads\/2023\/07\/educational_evidence_logo_horitzontal_blanc_negatiu.png","width":3508,"height":1090,"caption":"Educational Evidence"},"image":{"@id":"https:\/\/educationalevidence.com\/ca\/#\/schema\/logo\/image\/"}}]}},"_links":{"self":[{"href":"https:\/\/educationalevidence.com\/ca\/wp-json\/wp\/v2\/pages\/11720","targetHints":{"allow":["GET"]}}],"collection":[{"href":"https:\/\/educationalevidence.com\/ca\/wp-json\/wp\/v2\/pages"}],"about":[{"href":"https:\/\/educationalevidence.com\/ca\/wp-json\/wp\/v2\/types\/page"}],"author":[{"embeddable":true,"href":"https:\/\/educationalevidence.com\/ca\/wp-json\/wp\/v2\/users\/1"}],"replies":[{"embeddable":true,"href":"https:\/\/educationalevidence.com\/ca\/wp-json\/wp\/v2\/comments?post=11720"}],"version-history":[{"count":9,"href":"https:\/\/educationalevidence.com\/ca\/wp-json\/wp\/v2\/pages\/11720\/revisions"}],"predecessor-version":[{"id":14504,"href":"https:\/\/educationalevidence.com\/ca\/wp-json\/wp\/v2\/pages\/11720\/revisions\/14504"}],"wp:attachment":[{"href":"https:\/\/educationalevidence.com\/ca\/wp-json\/wp\/v2\/media?parent=11720"}],"curies":[{"name":"wp","href":"https:\/\/api.w.org\/{rel}","templated":true}]}}